{"id":23,"date":"2025-10-16T19:06:38","date_gmt":"2025-10-16T19:06:38","guid":{"rendered":"https:\/\/divalliagroup.com\/?page_id=23"},"modified":"2025-10-21T18:56:17","modified_gmt":"2025-10-21T18:56:17","slug":"approche-valeurs","status":"publish","type":"page","link":"https:\/\/divalliagroup.com\/ca\/approche-valeurs\/","title":{"rendered":"APPROCHE &amp; VALEURS"},"content":{"rendered":"<div data-elementor-type=\"wp-page\" data-elementor-id=\"23\" class=\"elementor elementor-23\" data-elementor-settings=\"{&quot;element_pack_global_tooltip_width&quot;:{&quot;unit&quot;:&quot;px&quot;,&quot;size&quot;:&quot;&quot;,&quot;sizes&quot;:[]},&quot;element_pack_global_tooltip_width_tablet&quot;:{&quot;unit&quot;:&quot;px&quot;,&quot;size&quot;:&quot;&quot;,&quot;sizes&quot;:[]},&quot;element_pack_global_tooltip_width_mobile&quot;:{&quot;unit&quot;:&quot;px&quot;,&quot;size&quot;:&quot;&quot;,&quot;sizes&quot;:[]},&quot;element_pack_global_tooltip_padding&quot;:{&quot;unit&quot;:&quot;px&quot;,&quot;top&quot;:&quot;&quot;,&quot;right&quot;:&quot;&quot;,&quot;bottom&quot;:&quot;&quot;,&quot;left&quot;:&quot;&quot;,&quot;isLinked&quot;:true},&quot;element_pack_global_tooltip_padding_tablet&quot;:{&quot;unit&quot;:&quot;px&quot;,&quot;top&quot;:&quot;&quot;,&quot;right&quot;:&quot;&quot;,&quot;bottom&quot;:&quot;&quot;,&quot;left&quot;:&quot;&quot;,&quot;isLinked&quot;:true},&quot;element_pack_global_tooltip_padding_mobile&quot;:{&quot;unit&quot;:&quot;px&quot;,&quot;top&quot;:&quot;&quot;,&quot;right&quot;:&quot;&quot;,&quot;bottom&quot;:&quot;&quot;,&quot;left&quot;:&quot;&quot;,&quot;isLinked&quot;:true},&quot;element_pack_global_tooltip_border_radius&quot;:{&quot;unit&quot;:&quot;px&quot;,&quot;top&quot;:&quot;&quot;,&quot;right&quot;:&quot;&quot;,&quot;bottom&quot;:&quot;&quot;,&quot;left&quot;:&quot;&quot;,&quot;isLinked&quot;:true},&quot;element_pack_global_tooltip_border_radius_tablet&quot;:{&quot;unit&quot;:&quot;px&quot;,&quot;top&quot;:&quot;&quot;,&quot;right&quot;:&quot;&quot;,&quot;bottom&quot;:&quot;&quot;,&quot;left&quot;:&quot;&quot;,&quot;isLinked&quot;:true},&quot;element_pack_global_tooltip_border_radius_mobile&quot;:{&quot;unit&quot;:&quot;px&quot;,&quot;top&quot;:&quot;&quot;,&quot;right&quot;:&quot;&quot;,&quot;bottom&quot;:&quot;&quot;,&quot;left&quot;:&quot;&quot;,&quot;isLinked&quot;:true}}\">\n\t\t\t\t<div class=\"elementor-element elementor-element-62d9c43d e-flex e-con-boxed e-con e-parent\" data-id=\"62d9c43d\" data-element_type=\"container\" data-settings=\"{&quot;background_background&quot;:&quot;classic&quot;,&quot;ekit_has_onepagescroll_dot&quot;:&quot;yes&quot;}\">\n\t\t\t\t\t<div class=\"e-con-inner\">\n\t\t\t\t<div class=\"elementor-element elementor-element-4d26259d elementor-widget elementor-widget-elementskit-heading\" data-id=\"4d26259d\" data-element_type=\"widget\" data-settings=\"{&quot;ekit_we_effect_on&quot;:&quot;none&quot;}\" data-widget_type=\"elementskit-heading.default\">\n\t\t\t\t\t<div class=\"ekit-wid-con\" ><div class=\"ekit-heading elementskit-section-title-wraper text_center   ekit_heading_tablet-   ekit_heading_mobile-\">\t\t\t\t<span class='ekit-heading__shadow-text'>\n\t\t\t\t\tDivallia Group\t\t\t\t<\/span>\n\t\t\t<h2 class=\"ekit-heading--title elementskit-section-title\">Strat\u00e9gie, <span><span>rigueur <\/span><\/span> et cr\u00e9ation de valeur <\/h2>\t\t\t\t<div class='ekit-heading__description'>\n\t\t\t\t\t<p>Nos valeurs de Transparence dans les \u00e9changes, de Efficacit\u00e9 dans l\u2019action et de la Conformit\u00e9 en toute circonstance, avec une Responsabilit\u00e9 dans les choix strat\u00e9giques, ainsi que la Discr\u00e9tion dans la relation client.<\/p>\n<blockquote>\n<p>\u201cNous croyons en une croissance ma\u00eetris\u00e9e, \u00e9thique et durable.\u201d<\/p>\n<\/blockquote>\n\t\t\t\t<\/div>\n\t\t\t<\/div><\/div>\t\t\t\t<\/div>\n\t\t<div class=\"elementor-element elementor-element-2cf70331 e-con-full e-grid e-con e-child\" data-id=\"2cf70331\" data-element_type=\"container\" data-settings=\"{&quot;ekit_has_onepagescroll_dot&quot;:&quot;yes&quot;}\">\n\t\t\t\t<div class=\"elementor-element elementor-element-1bd2fcbe ekit-equal-height-disable elementor-widget elementor-widget-elementskit-icon-box\" data-id=\"1bd2fcbe\" data-element_type=\"widget\" data-settings=\"{&quot;ekit_we_effect_on&quot;:&quot;none&quot;}\" data-widget_type=\"elementskit-icon-box.default\">\n\t\t\t\t\t<div class=\"ekit-wid-con\" >        <!-- link opening -->\n                <a href=\"#\" class=\"ekit_global_links\">\n                <!-- end link opening -->\n\n        <div class=\"elementskit-infobox text-left text-left icon-lef-right-aligin elementor-animation- media\">\n                    <div class=\"elementskit-box-header elementor-animation-\">\n                <div class=\"elementskit-info-box-icon  text-center\">\n                    <i aria-hidden=\"true\" class=\"elementkit-infobox-icon icon icon-database1\"><\/i>\n                <\/div>\n          <\/div>\n                        <div class=\"box-body\">\n                            <h3 class=\"elementskit-info-box-title\">\n                    Analyse strat\u00e9gique                <\/h3>\n                        \t\t  \t<p>comprendre les enjeux et fixer une vision coh\u00e9rente.<\/p>\n                                <\/div>\n        \n        \n                <\/div>\n                <\/a>\n        <\/div>\t\t\t\t<\/div>\n\t\t\t\t<div class=\"elementor-element elementor-element-5a2d535b ekit-equal-height-disable elementor-widget elementor-widget-elementskit-icon-box\" data-id=\"5a2d535b\" data-element_type=\"widget\" data-settings=\"{&quot;ekit_we_effect_on&quot;:&quot;none&quot;}\" data-widget_type=\"elementskit-icon-box.default\">\n\t\t\t\t\t<div class=\"ekit-wid-con\" >        <!-- link opening -->\n                <a href=\"#\" class=\"ekit_global_links\">\n                <!-- end link opening -->\n\n        <div class=\"elementskit-infobox text-left text-left icon-lef-right-aligin elementor-animation- media\">\n                    <div class=\"elementskit-box-header elementor-animation-\">\n                <div class=\"elementskit-info-box-icon  text-center\">\n                    <i aria-hidden=\"true\" class=\"elementkit-infobox-icon icon icon-pie-chart\"><\/i>\n                <\/div>\n          <\/div>\n                        <div class=\"box-body\">\n                            <h3 class=\"elementskit-info-box-title\">\n                    Structuration optimale                <\/h3>\n                        \t\t  \t<p>s\u00e9curiser juridiquement et fiscalement les d\u00e9cisions.<\/p>\n                                <\/div>\n        \n        \n                <\/div>\n                <\/a>\n        <\/div>\t\t\t\t<\/div>\n\t\t\t\t<div class=\"elementor-element elementor-element-5288e2bf ekit-equal-height-disable elementor-widget elementor-widget-elementskit-icon-box\" data-id=\"5288e2bf\" data-element_type=\"widget\" data-settings=\"{&quot;ekit_we_effect_on&quot;:&quot;none&quot;}\" data-widget_type=\"elementskit-icon-box.default\">\n\t\t\t\t\t<div class=\"ekit-wid-con\" >        <!-- link opening -->\n                <!-- end link opening -->\n\n        <div class=\"elementskit-infobox text-left text-left icon-lef-right-aligin elementor-animation- media\">\n                    <div class=\"elementskit-box-header elementor-animation-\">\n                <div class=\"elementskit-info-box-icon  text-center\">\n                    <i aria-hidden=\"true\" class=\"elementkit-infobox-icon icon icon-chart-bars\"><\/i>\n                <\/div>\n          <\/div>\n                        <div class=\"box-body\">\n                            <h3 class=\"elementskit-info-box-title\">\n                    Cr\u00e9ation de valeur durable                <\/h3>\n                        \t\t  \t<p>garantir la performance \u00e0 long terme dans le respect du cadre l\u00e9gal.<\/p>\n                                <\/div>\n        \n        \n                <\/div>\n        <\/div>\t\t\t\t<\/div>\n\t\t\t\t<\/div>\n\t\t\t\t\t<\/div>\n\t\t\t\t<\/div>\n\t\t<div class=\"elementor-element elementor-element-37eb9e8b e-flex e-con-boxed e-con e-parent\" data-id=\"37eb9e8b\" data-element_type=\"container\" data-settings=\"{&quot;ekit_has_onepagescroll_dot&quot;:&quot;yes&quot;}\">\n\t\t\t\t\t<div class=\"e-con-inner\">\n\t\t<div class=\"elementor-element elementor-element-4a079076 e-con-full e-flex e-con e-child\" data-id=\"4a079076\" data-element_type=\"container\" data-settings=\"{&quot;ekit_has_onepagescroll_dot&quot;:&quot;yes&quot;}\">\n\t\t\t\t<div class=\"elementor-element elementor-element-bfc5112 elementor-widget elementor-widget-elementskit-heading\" data-id=\"bfc5112\" data-element_type=\"widget\" data-settings=\"{&quot;ekit_we_effect_on&quot;:&quot;none&quot;}\" data-widget_type=\"elementskit-heading.default\">\n\t\t\t\t\t<div class=\"ekit-wid-con\" ><div class=\"ekit-heading elementskit-section-title-wraper text_left   ekit_heading_tablet-   ekit_heading_mobile-\"><h2 class=\"ekit-heading--title elementskit-section-title\">Nos valeurs<\/h2>\t\t\t\t<div class='ekit-heading__description'>\n\t\t\t\t\t<p>\u00a0<\/p>\n<ul>\n<li>Transparence \u2013 clart\u00e9 et honn\u00eatet\u00e9 dans chaque relation.<\/li>\n<li>Excellence \u2013 exigence, pr\u00e9cision et professionnalisme.<\/li>\n<li>Responsabilit\u00e9 \u2013 chaque conseil engage notre r\u00e9putation.<\/li>\n<li>Innovation \u2013 ouverture aux nouvelles tendances et technologies.<\/li>\n<li>Durabilit\u00e9 \u2013 une vision de long terme, respectueuse du cadre \u00e9conomique et humain.<\/li>\n<li>Discr\u00e9tion \u2013 l\u2019\u00e2me du business reste la discr\u00e9tion..<\/li>\n<\/ul>\n<blockquote>\n<p>\u201cNous croyons en une croissance ma\u00eetris\u00e9e, \u00e9thique et durable.\u201d<\/p>\n<\/blockquote>\n\t\t\t\t<\/div>\n\t\t\t<\/div><\/div>\t\t\t\t<\/div>\n\t\t\t\t<div class=\"elementor-element elementor-element-5b140ca5 elementor-widget elementor-widget-elementskit-button\" data-id=\"5b140ca5\" data-element_type=\"widget\" data-settings=\"{&quot;ekit_we_effect_on&quot;:&quot;none&quot;}\" data-widget_type=\"elementskit-button.default\">\n\t\t\t\t\t<div class=\"ekit-wid-con\" >\t\t<div class=\"ekit-btn-wraper\">\n\t\t\t\t\t\t\t<a href=\"https:\/\/divalliagroup.com\/ca\/contact\/\" class=\"elementskit-btn  whitespace--normal\" id=\"\">\n\t\t\t\t\tContactez nous\t\t\t\t<\/a>\n\t\t\t\t\t<\/div>\n        <\/div>\t\t\t\t<\/div>\n\t\t\t\t<\/div>\n\t\t<div class=\"elementor-element elementor-element-77ef3a2e e-con-full e-flex e-con e-child\" data-id=\"77ef3a2e\" data-element_type=\"container\" data-settings=\"{&quot;ekit_has_onepagescroll_dot&quot;:&quot;yes&quot;}\">\n\t\t\t\t<div class=\"elementor-element elementor-element-23e9c67d elementor-widget__width-initial elementor-widget elementor-widget-elementskit-lottie\" data-id=\"23e9c67d\" data-element_type=\"widget\" data-settings=\"{&quot;ekit_we_effect_on&quot;:&quot;none&quot;}\" data-widget_type=\"elementskit-lottie.default\">\n\t\t\t\t<div class=\"elementor-widget-container\">\n\t\t\t\t\t<div class=\"ekit-wid-con\" ><div id=\"ekit_lottie_23e9c67d\" class=\"ekit_lottie\" data-autoplay=\"true\" data-on-scroll=\"\" data-speed=\"1\" data-direction=\"\" data-action=\"\" data-renderer=\"svg\" data-path=\"https:\/\/divalliagroup.com\/wp-content\/uploads\/2025\/10\/lottie-designer.json\" data-loop=\"true\">&nbsp;<\/div><\/div>\t\t\t\t<\/div>\n\t\t\t\t<\/div>\n\t\t\t\t<\/div>\n\t\t\t\t\t<\/div>\n\t\t\t\t<\/div>\n\t\t\t\t<\/div>\n\t\t\n    <div class=\"xs_social_share_widget xs_share_url after_content \t\tmain_content  wslu-style-1 wslu-share-box-shaped wslu-fill-colored wslu-none wslu-share-horizontal wslu-theme-font-no wslu-main_content\">\n\n\t\t\n        <ul>\n\t\t\t        <\/ul>\n    <\/div>","protected":false},"excerpt":{"rendered":"<p>Divallia Group Strat\u00e9gie, rigueur et cr\u00e9ation de valeur Nos valeurs de Transparence dans les \u00e9changes, de Efficacit\u00e9 dans l\u2019action et de la [&hellip;]<\/p>","protected":false},"author":1,"featured_media":0,"parent":0,"menu_order":0,"comment_status":"closed","ping_status":"closed","template":"","meta":{"postBodyCss":"","postBodyMargin":[],"postBodyPadding":[],"postBodyBackground":{"backgroundType":"classic","gradient":""},"footnotes":""},"class_list":["post-23","page","type-page","status-publish","hentry"],"yoast_head":"<!-- This site is optimized with the Yoast SEO plugin v26.6 - https:\/\/yoast.com\/wordpress\/plugins\/seo\/ -->\n<title>APPROCHE &amp; VALEURS - DivalliaGroup<\/title>\n<meta name=\"robots\" content=\"index, follow, max-snippet:-1, max-image-preview:large, max-video-preview:-1\" \/>\n<link rel=\"canonical\" href=\"https:\/\/divalliagroup.com\/ca\/approche-valeurs\/\" \/>\n<meta property=\"og:locale\" content=\"ca_ES\" \/>\n<meta property=\"og:type\" content=\"article\" \/>\n<meta property=\"og:title\" content=\"APPROCHE &amp; VALEURS - DivalliaGroup\" \/>\n<meta property=\"og:description\" content=\"Divallia Group Strat\u00e9gie, rigueur et cr\u00e9ation de valeur Nos valeurs de Transparence dans les \u00e9changes, de Efficacit\u00e9 dans l\u2019action et de la [&hellip;]\" \/>\n<meta property=\"og:url\" content=\"https:\/\/divalliagroup.com\/ca\/approche-valeurs\/\" \/>\n<meta property=\"og:site_name\" content=\"DivalliaGroup\" \/>\n<meta property=\"article:modified_time\" content=\"2025-10-21T18:56:17+00:00\" \/>\n<meta name=\"twitter:card\" content=\"summary_large_image\" \/>\n<script type=\"application\/ld+json\" class=\"yoast-schema-graph\">{\"@context\":\"https:\/\/schema.org\",\"@graph\":[{\"@type\":\"WebPage\",\"@id\":\"https:\/\/divalliagroup.com\/approche-valeurs\/\",\"url\":\"https:\/\/divalliagroup.com\/approche-valeurs\/\",\"name\":\"APPROCHE &amp; VALEURS - DivalliaGroup\",\"isPartOf\":{\"@id\":\"https:\/\/divalliagroup.com\/#website\"},\"datePublished\":\"2025-10-16T19:06:38+00:00\",\"dateModified\":\"2025-10-21T18:56:17+00:00\",\"breadcrumb\":{\"@id\":\"https:\/\/divalliagroup.com\/approche-valeurs\/#breadcrumb\"},\"inLanguage\":\"ca\",\"potentialAction\":[{\"@type\":\"ReadAction\",\"target\":[\"https:\/\/divalliagroup.com\/approche-valeurs\/\"]}]},{\"@type\":\"BreadcrumbList\",\"@id\":\"https:\/\/divalliagroup.com\/approche-valeurs\/#breadcrumb\",\"itemListElement\":[{\"@type\":\"ListItem\",\"position\":1,\"name\":\"Home\",\"item\":\"https:\/\/divalliagroup.com\/\"},{\"@type\":\"ListItem\",\"position\":2,\"name\":\"APPROCHE &amp; VALEURS\"}]},{\"@type\":\"WebSite\",\"@id\":\"https:\/\/divalliagroup.com\/#website\",\"url\":\"https:\/\/divalliagroup.com\/\",\"name\":\"DivalliaGroup\",\"description\":\"Strategic Business Development &amp; Patrimonial Structuring\",\"potentialAction\":[{\"@type\":\"SearchAction\",\"target\":{\"@type\":\"EntryPoint\",\"urlTemplate\":\"https:\/\/divalliagroup.com\/?s={search_term_string}\"},\"query-input\":{\"@type\":\"PropertyValueSpecification\",\"valueRequired\":true,\"valueName\":\"search_term_string\"}}],\"inLanguage\":\"ca\"}]}<\/script>\n<!-- \/ Yoast SEO plugin. -->","yoast_head_json":{"title":"APPROCHE &amp; VALEURS - DivalliaGroup","robots":{"index":"index","follow":"follow","max-snippet":"max-snippet:-1","max-image-preview":"max-image-preview:large","max-video-preview":"max-video-preview:-1"},"canonical":"https:\/\/divalliagroup.com\/ca\/approche-valeurs\/","og_locale":"ca_ES","og_type":"article","og_title":"APPROCHE &amp; VALEURS - DivalliaGroup","og_description":"Divallia Group Strat\u00e9gie, rigueur et cr\u00e9ation de valeur Nos valeurs de Transparence dans les \u00e9changes, de Efficacit\u00e9 dans l\u2019action et de la [&hellip;]","og_url":"https:\/\/divalliagroup.com\/ca\/approche-valeurs\/","og_site_name":"DivalliaGroup","article_modified_time":"2025-10-21T18:56:17+00:00","twitter_card":"summary_large_image","schema":{"@context":"https:\/\/schema.org","@graph":[{"@type":"WebPage","@id":"https:\/\/divalliagroup.com\/approche-valeurs\/","url":"https:\/\/divalliagroup.com\/approche-valeurs\/","name":"APPROCHE &amp; VALEURS - DivalliaGroup","isPartOf":{"@id":"https:\/\/divalliagroup.com\/#website"},"datePublished":"2025-10-16T19:06:38+00:00","dateModified":"2025-10-21T18:56:17+00:00","breadcrumb":{"@id":"https:\/\/divalliagroup.com\/approche-valeurs\/#breadcrumb"},"inLanguage":"ca","potentialAction":[{"@type":"ReadAction","target":["https:\/\/divalliagroup.com\/approche-valeurs\/"]}]},{"@type":"BreadcrumbList","@id":"https:\/\/divalliagroup.com\/approche-valeurs\/#breadcrumb","itemListElement":[{"@type":"ListItem","position":1,"name":"Home","item":"https:\/\/divalliagroup.com\/"},{"@type":"ListItem","position":2,"name":"APPROCHE &amp; VALEURS"}]},{"@type":"WebSite","@id":"https:\/\/divalliagroup.com\/#website","url":"https:\/\/divalliagroup.com\/","name":"DivalliaGroup","description":"Strategic Business Development &amp; Patrimonial Structuring","potentialAction":[{"@type":"SearchAction","target":{"@type":"EntryPoint","urlTemplate":"https:\/\/divalliagroup.com\/?s={search_term_string}"},"query-input":{"@type":"PropertyValueSpecification","valueRequired":true,"valueName":"search_term_string"}}],"inLanguage":"ca"}]}},"_hostinger_reach_plugin_has_subscription_block":false,"_hostinger_reach_plugin_is_elementor":false,"_links":{"self":[{"href":"https:\/\/divalliagroup.com\/ca\/wp-json\/wp\/v2\/pages\/23","targetHints":{"allow":["GET"]}}],"collection":[{"href":"https:\/\/divalliagroup.com\/ca\/wp-json\/wp\/v2\/pages"}],"about":[{"href":"https:\/\/divalliagroup.com\/ca\/wp-json\/wp\/v2\/types\/page"}],"author":[{"embeddable":true,"href":"https:\/\/divalliagroup.com\/ca\/wp-json\/wp\/v2\/users\/1"}],"replies":[{"embeddable":true,"href":"https:\/\/divalliagroup.com\/ca\/wp-json\/wp\/v2\/comments?post=23"}],"version-history":[{"count":16,"href":"https:\/\/divalliagroup.com\/ca\/wp-json\/wp\/v2\/pages\/23\/revisions"}],"predecessor-version":[{"id":477,"href":"https:\/\/divalliagroup.com\/ca\/wp-json\/wp\/v2\/pages\/23\/revisions\/477"}],"wp:attachment":[{"href":"https:\/\/divalliagroup.com\/ca\/wp-json\/wp\/v2\/media?parent=23"}],"curies":[{"name":"wp","href":"https:\/\/api.w.org\/{rel}","templated":true}]}}