{"id":14,"date":"2025-10-16T18:45:23","date_gmt":"2025-10-16T18:45:23","guid":{"rendered":"https:\/\/divalliagroup.com\/?page_id=14"},"modified":"2025-10-21T17:55:27","modified_gmt":"2025-10-21T17:55:27","slug":"a-propos","status":"publish","type":"page","link":"https:\/\/divalliagroup.com\/en\/a-propos\/","title":{"rendered":"\u00c0 PROPOS"},"content":{"rendered":"<div data-elementor-type=\"wp-page\" data-elementor-id=\"14\" class=\"elementor elementor-14\" data-elementor-settings=\"{&quot;element_pack_global_tooltip_width&quot;:{&quot;unit&quot;:&quot;px&quot;,&quot;size&quot;:&quot;&quot;,&quot;sizes&quot;:[]},&quot;element_pack_global_tooltip_width_tablet&quot;:{&quot;unit&quot;:&quot;px&quot;,&quot;size&quot;:&quot;&quot;,&quot;sizes&quot;:[]},&quot;element_pack_global_tooltip_width_mobile&quot;:{&quot;unit&quot;:&quot;px&quot;,&quot;size&quot;:&quot;&quot;,&quot;sizes&quot;:[]},&quot;element_pack_global_tooltip_padding&quot;:{&quot;unit&quot;:&quot;px&quot;,&quot;top&quot;:&quot;&quot;,&quot;right&quot;:&quot;&quot;,&quot;bottom&quot;:&quot;&quot;,&quot;left&quot;:&quot;&quot;,&quot;isLinked&quot;:true},&quot;element_pack_global_tooltip_padding_tablet&quot;:{&quot;unit&quot;:&quot;px&quot;,&quot;top&quot;:&quot;&quot;,&quot;right&quot;:&quot;&quot;,&quot;bottom&quot;:&quot;&quot;,&quot;left&quot;:&quot;&quot;,&quot;isLinked&quot;:true},&quot;element_pack_global_tooltip_padding_mobile&quot;:{&quot;unit&quot;:&quot;px&quot;,&quot;top&quot;:&quot;&quot;,&quot;right&quot;:&quot;&quot;,&quot;bottom&quot;:&quot;&quot;,&quot;left&quot;:&quot;&quot;,&quot;isLinked&quot;:true},&quot;element_pack_global_tooltip_border_radius&quot;:{&quot;unit&quot;:&quot;px&quot;,&quot;top&quot;:&quot;&quot;,&quot;right&quot;:&quot;&quot;,&quot;bottom&quot;:&quot;&quot;,&quot;left&quot;:&quot;&quot;,&quot;isLinked&quot;:true},&quot;element_pack_global_tooltip_border_radius_tablet&quot;:{&quot;unit&quot;:&quot;px&quot;,&quot;top&quot;:&quot;&quot;,&quot;right&quot;:&quot;&quot;,&quot;bottom&quot;:&quot;&quot;,&quot;left&quot;:&quot;&quot;,&quot;isLinked&quot;:true},&quot;element_pack_global_tooltip_border_radius_mobile&quot;:{&quot;unit&quot;:&quot;px&quot;,&quot;top&quot;:&quot;&quot;,&quot;right&quot;:&quot;&quot;,&quot;bottom&quot;:&quot;&quot;,&quot;left&quot;:&quot;&quot;,&quot;isLinked&quot;:true}}\">\n\t\t\t\t<div class=\"elementor-element elementor-element-2c15040d e-flex e-con-boxed e-con e-parent\" data-id=\"2c15040d\" data-element_type=\"container\" data-settings=\"{&quot;background_background&quot;:&quot;classic&quot;,&quot;ekit_has_onepagescroll_dot&quot;:&quot;yes&quot;}\">\n\t\t\t\t\t<div class=\"e-con-inner\">\n\t\t<div class=\"elementor-element elementor-element-76b85219 e-con-full e-flex e-con e-child\" data-id=\"76b85219\" data-element_type=\"container\" data-settings=\"{&quot;ekit_has_onepagescroll_dot&quot;:&quot;yes&quot;}\">\n\t\t<div class=\"elementor-element elementor-element-4dc37567 e-con-full e-flex e-con e-child\" data-id=\"4dc37567\" data-element_type=\"container\" data-settings=\"{&quot;ekit_has_onepagescroll_dot&quot;:&quot;yes&quot;}\">\n\t\t<div class=\"elementor-element elementor-element-15a09361 e-con-full e-flex e-con e-child\" data-id=\"15a09361\" data-element_type=\"container\" data-settings=\"{&quot;ekit_has_onepagescroll_dot&quot;:&quot;yes&quot;}\">\n\t\t\t\t<div class=\"elementor-element elementor-element-1404b419 elementor-widget elementor-widget-elementskit-heading\" data-id=\"1404b419\" data-element_type=\"widget\" data-settings=\"{&quot;ekit_we_effect_on&quot;:&quot;none&quot;}\" data-widget_type=\"elementskit-heading.default\">\n\t\t\t\t\t<div class=\"ekit-wid-con\" ><div class=\"ekit-heading elementskit-section-title-wraper text_center   ekit_heading_tablet-   ekit_heading_mobile-\"><h1 class=\"ekit-heading--title elementskit-section-title\">Une vision globale, <span><span> un ancrage durable<\/span><\/span>  <\/h1>\t\t\t\t<div class='ekit-heading__description'>\n\t\t\t\t\t<p>DIVALLIA GROUP, SLU est une soci\u00e9t\u00e9 andorrane ind\u00e9pendante fond\u00e9e sur une conviction forte d\u2019unir expertise<br \/>strat\u00e9gique, structuration patrimoniale, d\u00e9veloppement entrepreneurial \u00e0 l\u2019international pour offrir \u00e0 chaque<br \/>client des solutions sur mesure.<\/p>\n<p>Nous intervenons \u00e0 la crois\u00e9e du conseil, de l\u2019investissement et de la croissance \u00e9conomique, pour accompagner<br \/>une client\u00e8le diversifi\u00e9e.<\/p>\n\t\t\t\t<\/div>\n\t\t\t<\/div><\/div>\t\t\t\t<\/div>\n\t\t\t\t<\/div>\n\t\t\t\t<\/div>\n\t\t<div class=\"elementor-element elementor-element-7e097d8f e-con-full e-flex e-con e-child\" data-id=\"7e097d8f\" data-element_type=\"container\" data-settings=\"{&quot;ekit_has_onepagescroll_dot&quot;:&quot;yes&quot;}\">\n\t\t<div class=\"elementor-element elementor-element-76d27ad5 e-con-full e-flex e-con e-child\" data-id=\"76d27ad5\" data-element_type=\"container\" data-settings=\"{&quot;ekit_has_onepagescroll_dot&quot;:&quot;yes&quot;}\">\n\t\t\t\t<div class=\"elementor-element elementor-element-59726a25 ekit-equal-height-disable elementor-widget elementor-widget-elementskit-icon-box\" data-id=\"59726a25\" data-element_type=\"widget\" data-settings=\"{&quot;_animation&quot;:&quot;none&quot;,&quot;ekit_we_effect_on&quot;:&quot;none&quot;}\" data-widget_type=\"elementskit-icon-box.default\">\n\t\t\t\t\t<div class=\"ekit-wid-con\" >        <!-- link opening -->\n                <!-- end link opening -->\n\n        <div class=\"elementskit-infobox text-center text- icon-top-align elementor-animation-\">\n                    <div class=\"elementskit-box-header elementor-animation-\">\n                <div class=\"elementskit-info-box-icon\">\n                    <i aria-hidden=\"true\" class=\"elementkit-infobox-icon icon icon-business-hour\"><\/i>\n                <\/div>\n          <\/div>\n                        <div class=\"box-body\">\n                            <h3 class=\"elementskit-info-box-title\">\n                    Entreprises                <\/h3>\n                        \t\t  \t<p>Entreprises en recherche de strat\u00e9gie et de croissance.<\/p>\n                                        <div class=\"box-footer disable_hover_button\">\n                    <div class=\"btn-wraper\">\n                                                            <a class=\"elementskit-btn whitespace--normal\" href=\"https:\/\/divalliagroup.com\/en\/contact\/\">\n                                                                                Contactez nous                                    <\/a>\n                                                        <\/div>\n                <\/div>\n                    <\/div>\n        \n        \n                <\/div>\n        <\/div>\t\t\t\t<\/div>\n\t\t\t\t<\/div>\n\t\t<div class=\"elementor-element elementor-element-b3daa37 e-con-full e-flex e-con e-child\" data-id=\"b3daa37\" data-element_type=\"container\" data-settings=\"{&quot;ekit_has_onepagescroll_dot&quot;:&quot;yes&quot;}\">\n\t\t\t\t<div class=\"elementor-element elementor-element-7d6fbc57 ekit-equal-height-disable elementor-widget elementor-widget-elementskit-icon-box\" data-id=\"7d6fbc57\" data-element_type=\"widget\" data-settings=\"{&quot;_animation&quot;:&quot;none&quot;,&quot;ekit_we_effect_on&quot;:&quot;none&quot;}\" data-widget_type=\"elementskit-icon-box.default\">\n\t\t\t\t\t<div class=\"ekit-wid-con\" >        <!-- link opening -->\n                <!-- end link opening -->\n\n        <div class=\"elementskit-infobox text-center text- icon-top-align elementor-animation-\">\n                    <div class=\"elementskit-box-header elementor-animation-\">\n                <div class=\"elementskit-info-box-icon\">\n                    <svg aria-hidden=\"true\" class=\"elementkit-infobox-icon e-font-icon-svg e-fas-user-shield\" viewbox=\"0 0 640 512\" xmlns=\"http:\/\/www.w3.org\/2000\/svg\"><path d=\"M622.3 271.1l-115.2-45c-4.1-1.6-12.6-3.7-22.2 0l-115.2 45c-10.7 4.2-17.7 14-17.7 24.9 0 111.6 68.7 188.8 132.9 213.9 9.6 3.7 18 1.6 22.2 0C558.4 489.9 640 420.5 640 296c0-10.9-7-20.7-17.7-24.9zM496 462.4V273.3l95.5 37.3c-5.6 87.1-60.9 135.4-95.5 151.8zM224 256c70.7 0 128-57.3 128-128S294.7 0 224 0 96 57.3 96 128s57.3 128 128 128zm96 40c0-2.5.8-4.8 1.1-7.2-2.5-.1-4.9-.8-7.5-.8h-16.7c-22.2 10.2-46.9 16-72.9 16s-50.6-5.8-72.9-16h-16.7C60.2 288 0 348.2 0 422.4V464c0 26.5 21.5 48 48 48h352c6.8 0 13.3-1.5 19.2-4-54-42.9-99.2-116.7-99.2-212z\"><\/path><\/svg>\n                <\/div>\n          <\/div>\n                        <div class=\"box-body\">\n                            <h3 class=\"elementskit-info-box-title\">\n                    Dirigeants et entrepreneurs                <\/h3>\n                        \t\t  \t<p>Dirigeants et entrepreneurs souhaitant s\u2019implanter ou se d\u00e9velopper.<\/p>\n                                        <div class=\"box-footer disable_hover_button\">\n                    <div class=\"btn-wraper\">\n                                                            <a class=\"elementskit-btn whitespace--normal\" href=\"https:\/\/divalliagroup.com\/en\/contact\/\">\n                                                                                Contactez nous                                    <\/a>\n                                                        <\/div>\n                <\/div>\n                    <\/div>\n        \n        \n                <\/div>\n        <\/div>\t\t\t\t<\/div>\n\t\t\t\t<\/div>\n\t\t<div class=\"elementor-element elementor-element-7d5acaf4 e-con-full e-flex e-con e-child\" data-id=\"7d5acaf4\" data-element_type=\"container\" data-settings=\"{&quot;ekit_has_onepagescroll_dot&quot;:&quot;yes&quot;}\">\n\t\t\t\t<div class=\"elementor-element elementor-element-2153d4cd ekit-equal-height-disable elementor-widget elementor-widget-elementskit-icon-box\" data-id=\"2153d4cd\" data-element_type=\"widget\" data-settings=\"{&quot;_animation&quot;:&quot;none&quot;,&quot;ekit_we_effect_on&quot;:&quot;none&quot;}\" data-widget_type=\"elementskit-icon-box.default\">\n\t\t\t\t\t<div class=\"ekit-wid-con\" >        <!-- link opening -->\n                <!-- end link opening -->\n\n        <div class=\"elementskit-infobox text-center text- icon-top-align elementor-animation-\">\n                    <div class=\"elementskit-box-header elementor-animation-\">\n                <div class=\"elementskit-info-box-icon\">\n                    <i aria-hidden=\"true\" class=\"elementkit-infobox-icon icon icon-user-registration\"><\/i>\n                <\/div>\n          <\/div>\n                        <div class=\"box-body\">\n                            <h3 class=\"elementskit-info-box-title\">\n                    Particuliers et investisseurs priv\u00e9s                <\/h3>\n                        \t\t  \t<p>D\u00e9sirant optimiser leur patrimoine, pr\u00e9parer leur expatriation ou\ns\u00e9curiser leurs actifs.<\/p>\n                                        <div class=\"box-footer disable_hover_button\">\n                    <div class=\"btn-wraper\">\n                                                            <a class=\"elementskit-btn whitespace--normal\" href=\"https:\/\/divalliagroup.com\/en\/contact\/\">\n                                                                                Contactez nous                                    <\/a>\n                                                        <\/div>\n                <\/div>\n                    <\/div>\n        \n        \n                <\/div>\n        <\/div>\t\t\t\t<\/div>\n\t\t\t\t<\/div>\n\t\t\t\t<\/div>\n\t\t\t\t<\/div>\n\t\t\t\t\t<\/div>\n\t\t\t\t<\/div>\n\t\t<div class=\"elementor-element elementor-element-8c2ce7b e-flex e-con-boxed e-con e-parent\" data-id=\"8c2ce7b\" data-element_type=\"container\" data-settings=\"{&quot;ekit_has_onepagescroll_dot&quot;:&quot;yes&quot;}\">\n\t\t\t\t\t<div class=\"e-con-inner\">\n\t\t\t\t<div class=\"elementor-element elementor-element-6414b3f elementor-widget elementor-widget-text-editor\" data-id=\"6414b3f\" data-element_type=\"widget\" data-settings=\"{&quot;ekit_we_effect_on&quot;:&quot;none&quot;}\" data-widget_type=\"text-editor.default\">\n\t\t\t\t\t\t\t\t\t<p>Enracin\u00e9e en Andorre, ouverte sur le monde, DIVALLIA GROUP incarne une nouvelle g\u00e9n\u00e9ration de partenaires :<br \/><strong>rigoureux, discrets et orient\u00e9s r\u00e9sultats.<\/strong><\/p>\t\t\t\t\t\t\t\t<\/div>\n\t\t\t\t\t<\/div>\n\t\t\t\t<\/div>\n\t\t<div class=\"elementor-element elementor-element-43ffdf06 e-flex e-con-boxed e-con e-parent\" data-id=\"43ffdf06\" data-element_type=\"container\" data-settings=\"{&quot;background_background&quot;:&quot;classic&quot;,&quot;ekit_has_onepagescroll_dot&quot;:&quot;yes&quot;}\">\n\t\t\t\t\t<div class=\"e-con-inner\">\n\t\t<div class=\"elementor-element elementor-element-71319862 e-con-full e-flex e-con e-child\" data-id=\"71319862\" data-element_type=\"container\" data-settings=\"{&quot;ekit_has_onepagescroll_dot&quot;:&quot;yes&quot;}\">\n\t\t\t\t<div class=\"elementor-element elementor-element-b3bfeea elementor-widget elementor-widget-elementskit-heading\" data-id=\"b3bfeea\" data-element_type=\"widget\" data-settings=\"{&quot;ekit_we_effect_on&quot;:&quot;none&quot;}\" data-widget_type=\"elementskit-heading.default\">\n\t\t\t\t\t<div class=\"ekit-wid-con\" ><div class=\"ekit-heading elementskit-section-title-wraper text_left   ekit_heading_tablet-   ekit_heading_mobile-\"><h2 class=\"ekit-heading--title elementskit-section-title\">Nos principes <br> <span>fondateurs <\/span><\/h2>\t\t\t\t<div class='ekit-heading__description'>\n\t\t\t\t\t<ol>\n<li>Ind\u00e9pendance : des conseils impartiaux, guid\u00e9s uniquement par les int\u00e9r\u00eats de nos clients.<\/li>\n<li>Conformit\u00e9 : nos op\u00e9rations respectent scrupuleusement les cadres juridiques, fiscaux et r\u00e9glementaires.<\/li>\n<li>Discr\u00e9tion : confidentialit\u00e9 absolue, confiance et fiabilit\u00e9 guident toutes nos relations.<\/li>\n<li>Performance durable : chaque projet est con\u00e7u pour g\u00e9n\u00e9rer de la valeur \u00e0 long terme.<\/li>\n<li>R\u00e9seau d\u2019experts agr\u00e9es : collaboration \u00e9troite avec des partenaires agr\u00e9\u00e9s (juristes, fiscalistes, notaires,<br \/>banques,auditeurs, experts comptables, avocats sp\u00e9cialis\u00e9s).<\/li>\n<\/ol>\n\t\t\t\t<\/div>\n\t\t\t<\/div><\/div>\t\t\t\t<\/div>\n\t\t\t\t<div class=\"elementor-element elementor-element-2fdaf1e elementor-widget elementor-widget-text-editor\" data-id=\"2fdaf1e\" data-element_type=\"widget\" data-settings=\"{&quot;ekit_we_effect_on&quot;:&quot;none&quot;}\" data-widget_type=\"text-editor.default\">\n\t\t\t\t\t\t\t\t\t<p>Ancrage local, vision internationale<br \/>Bas\u00e9e en Principaut\u00e9 d\u2019Andorre, la soci\u00e9t\u00e9 s\u2019appuie sur un \u00e9cosyst\u00e8me local solide : partenaires institutionnels,<br \/>prestataires agr\u00e9\u00e9s, banques et entreprises andorranes.<br \/>Notre fondateur s\u2019engage \u00e9galement dans une implantation personnelle et durable sur le territoire andorran,<br \/>t\u00e9moignant d\u2019un investissement r\u00e9el et de long terme.<\/p>\t\t\t\t\t\t\t\t<\/div>\n\t\t\t\t<\/div>\n\t\t<div class=\"elementor-element elementor-element-5e315d3c e-con-full e-flex e-con e-child\" data-id=\"5e315d3c\" data-element_type=\"container\" data-settings=\"{&quot;ekit_has_onepagescroll_dot&quot;:&quot;yes&quot;}\">\n\t\t\t\t<div class=\"elementor-element elementor-element-080e4f0 elementor-widget elementor-widget-image\" data-id=\"080e4f0\" data-element_type=\"widget\" data-settings=\"{&quot;ekit_we_effect_on&quot;:&quot;none&quot;}\" data-widget_type=\"image.default\">\n\t\t\t\t\t\t\t\t\t\t\t\t\t\t\t<img fetchpriority=\"high\" decoding=\"async\" width=\"408\" height=\"612\" src=\"https:\/\/divalliagroup.com\/wp-content\/uploads\/2025\/10\/istockphoto-540526464-612x612-1.jpg\" class=\"attachment-large size-large wp-image-238\" alt=\"\" srcset=\"https:\/\/divalliagroup.com\/wp-content\/uploads\/2025\/10\/istockphoto-540526464-612x612-1.jpg 408w, https:\/\/divalliagroup.com\/wp-content\/uploads\/2025\/10\/istockphoto-540526464-612x612-1-200x300.jpg 200w\" sizes=\"(max-width: 408px) 100vw, 408px\" \/>\t\t\t\t\t\t\t\t\t\t\t\t\t\t\t<\/div>\n\t\t\t\t<\/div>\n\t\t\t\t\t<\/div>\n\t\t\t\t<\/div>\n\t\t\t\t<\/div>\n\t\t\n    <div class=\"xs_social_share_widget xs_share_url after_content \t\tmain_content  wslu-style-1 wslu-share-box-shaped wslu-fill-colored wslu-none wslu-share-horizontal wslu-theme-font-no wslu-main_content\">\n\n\t\t\n        <ul>\n\t\t\t        <\/ul>\n    <\/div>","protected":false},"excerpt":{"rendered":"<p>Une vision globale, un ancrage durable DIVALLIA GROUP, SLU est une soci\u00e9t\u00e9 andorrane ind\u00e9pendante fond\u00e9e sur une conviction forte d\u2019unir expertisestrat\u00e9gique, structuration [&hellip;]<\/p>","protected":false},"author":1,"featured_media":0,"parent":0,"menu_order":0,"comment_status":"closed","ping_status":"closed","template":"","meta":{"postBodyCss":"","postBodyMargin":[],"postBodyPadding":[],"postBodyBackground":{"backgroundType":"classic","gradient":""},"footnotes":""},"class_list":["post-14","page","type-page","status-publish","hentry"],"yoast_head":"<!-- This site is optimized with the Yoast SEO plugin v26.6 - https:\/\/yoast.com\/wordpress\/plugins\/seo\/ -->\n<title>\u00c0 PROPOS - DivalliaGroup<\/title>\n<meta name=\"robots\" content=\"index, follow, max-snippet:-1, max-image-preview:large, max-video-preview:-1\" \/>\n<link rel=\"canonical\" href=\"https:\/\/divalliagroup.com\/en\/a-propos\/\" \/>\n<meta property=\"og:locale\" content=\"en_GB\" \/>\n<meta property=\"og:type\" content=\"article\" \/>\n<meta property=\"og:title\" content=\"\u00c0 PROPOS - DivalliaGroup\" \/>\n<meta property=\"og:description\" content=\"Une vision globale, un ancrage durable DIVALLIA GROUP, SLU est une soci\u00e9t\u00e9 andorrane ind\u00e9pendante fond\u00e9e sur une conviction forte d\u2019unir expertisestrat\u00e9gique, structuration [&hellip;]\" \/>\n<meta property=\"og:url\" content=\"https:\/\/divalliagroup.com\/en\/a-propos\/\" \/>\n<meta property=\"og:site_name\" content=\"DivalliaGroup\" \/>\n<meta property=\"article:modified_time\" content=\"2025-10-21T17:55:27+00:00\" \/>\n<meta property=\"og:image\" content=\"https:\/\/divalliagroup.com\/wp-content\/uploads\/2025\/10\/istockphoto-540526464-612x612-1.jpg\" \/>\n\t<meta property=\"og:image:width\" content=\"408\" \/>\n\t<meta property=\"og:image:height\" content=\"612\" \/>\n\t<meta property=\"og:image:type\" content=\"image\/jpeg\" \/>\n<meta name=\"twitter:card\" content=\"summary_large_image\" \/>\n<meta name=\"twitter:label1\" content=\"Estimated reading time\" \/>\n\t<meta name=\"twitter:data1\" content=\"2 minutes\" \/>\n<script type=\"application\/ld+json\" class=\"yoast-schema-graph\">{\"@context\":\"https:\/\/schema.org\",\"@graph\":[{\"@type\":\"WebPage\",\"@id\":\"https:\/\/divalliagroup.com\/a-propos\/\",\"url\":\"https:\/\/divalliagroup.com\/a-propos\/\",\"name\":\"\u00c0 PROPOS - DivalliaGroup\",\"isPartOf\":{\"@id\":\"https:\/\/divalliagroup.com\/#website\"},\"primaryImageOfPage\":{\"@id\":\"https:\/\/divalliagroup.com\/a-propos\/#primaryimage\"},\"image\":{\"@id\":\"https:\/\/divalliagroup.com\/a-propos\/#primaryimage\"},\"thumbnailUrl\":\"https:\/\/divalliagroup.com\/wp-content\/uploads\/2025\/10\/istockphoto-540526464-612x612-1.jpg\",\"datePublished\":\"2025-10-16T18:45:23+00:00\",\"dateModified\":\"2025-10-21T17:55:27+00:00\",\"breadcrumb\":{\"@id\":\"https:\/\/divalliagroup.com\/a-propos\/#breadcrumb\"},\"inLanguage\":\"en-GB\",\"potentialAction\":[{\"@type\":\"ReadAction\",\"target\":[\"https:\/\/divalliagroup.com\/a-propos\/\"]}]},{\"@type\":\"ImageObject\",\"inLanguage\":\"en-GB\",\"@id\":\"https:\/\/divalliagroup.com\/a-propos\/#primaryimage\",\"url\":\"https:\/\/divalliagroup.com\/wp-content\/uploads\/2025\/10\/istockphoto-540526464-612x612-1.jpg\",\"contentUrl\":\"https:\/\/divalliagroup.com\/wp-content\/uploads\/2025\/10\/istockphoto-540526464-612x612-1.jpg\"},{\"@type\":\"BreadcrumbList\",\"@id\":\"https:\/\/divalliagroup.com\/a-propos\/#breadcrumb\",\"itemListElement\":[{\"@type\":\"ListItem\",\"position\":1,\"name\":\"Home\",\"item\":\"https:\/\/divalliagroup.com\/\"},{\"@type\":\"ListItem\",\"position\":2,\"name\":\"\u00c0 PROPOS\"}]},{\"@type\":\"WebSite\",\"@id\":\"https:\/\/divalliagroup.com\/#website\",\"url\":\"https:\/\/divalliagroup.com\/\",\"name\":\"DivalliaGroup\",\"description\":\"Strategic Business Development &amp; Patrimonial Structuring\",\"potentialAction\":[{\"@type\":\"SearchAction\",\"target\":{\"@type\":\"EntryPoint\",\"urlTemplate\":\"https:\/\/divalliagroup.com\/?s={search_term_string}\"},\"query-input\":{\"@type\":\"PropertyValueSpecification\",\"valueRequired\":true,\"valueName\":\"search_term_string\"}}],\"inLanguage\":\"en-GB\"}]}<\/script>\n<!-- \/ Yoast SEO plugin. -->","yoast_head_json":{"title":"\u00c0 PROPOS - DivalliaGroup","robots":{"index":"index","follow":"follow","max-snippet":"max-snippet:-1","max-image-preview":"max-image-preview:large","max-video-preview":"max-video-preview:-1"},"canonical":"https:\/\/divalliagroup.com\/en\/a-propos\/","og_locale":"en_GB","og_type":"article","og_title":"\u00c0 PROPOS - DivalliaGroup","og_description":"Une vision globale, un ancrage durable DIVALLIA GROUP, SLU est une soci\u00e9t\u00e9 andorrane ind\u00e9pendante fond\u00e9e sur une conviction forte d\u2019unir expertisestrat\u00e9gique, structuration [&hellip;]","og_url":"https:\/\/divalliagroup.com\/en\/a-propos\/","og_site_name":"DivalliaGroup","article_modified_time":"2025-10-21T17:55:27+00:00","og_image":[{"width":408,"height":612,"url":"https:\/\/divalliagroup.com\/wp-content\/uploads\/2025\/10\/istockphoto-540526464-612x612-1.jpg","type":"image\/jpeg"}],"twitter_card":"summary_large_image","twitter_misc":{"Estimated reading time":"2 minutes"},"schema":{"@context":"https:\/\/schema.org","@graph":[{"@type":"WebPage","@id":"https:\/\/divalliagroup.com\/a-propos\/","url":"https:\/\/divalliagroup.com\/a-propos\/","name":"\u00c0 PROPOS - DivalliaGroup","isPartOf":{"@id":"https:\/\/divalliagroup.com\/#website"},"primaryImageOfPage":{"@id":"https:\/\/divalliagroup.com\/a-propos\/#primaryimage"},"image":{"@id":"https:\/\/divalliagroup.com\/a-propos\/#primaryimage"},"thumbnailUrl":"https:\/\/divalliagroup.com\/wp-content\/uploads\/2025\/10\/istockphoto-540526464-612x612-1.jpg","datePublished":"2025-10-16T18:45:23+00:00","dateModified":"2025-10-21T17:55:27+00:00","breadcrumb":{"@id":"https:\/\/divalliagroup.com\/a-propos\/#breadcrumb"},"inLanguage":"en-GB","potentialAction":[{"@type":"ReadAction","target":["https:\/\/divalliagroup.com\/a-propos\/"]}]},{"@type":"ImageObject","inLanguage":"en-GB","@id":"https:\/\/divalliagroup.com\/a-propos\/#primaryimage","url":"https:\/\/divalliagroup.com\/wp-content\/uploads\/2025\/10\/istockphoto-540526464-612x612-1.jpg","contentUrl":"https:\/\/divalliagroup.com\/wp-content\/uploads\/2025\/10\/istockphoto-540526464-612x612-1.jpg"},{"@type":"BreadcrumbList","@id":"https:\/\/divalliagroup.com\/a-propos\/#breadcrumb","itemListElement":[{"@type":"ListItem","position":1,"name":"Home","item":"https:\/\/divalliagroup.com\/"},{"@type":"ListItem","position":2,"name":"\u00c0 PROPOS"}]},{"@type":"WebSite","@id":"https:\/\/divalliagroup.com\/#website","url":"https:\/\/divalliagroup.com\/","name":"DivalliaGroup","description":"Strategic Business Development &amp; Patrimonial Structuring","potentialAction":[{"@type":"SearchAction","target":{"@type":"EntryPoint","urlTemplate":"https:\/\/divalliagroup.com\/?s={search_term_string}"},"query-input":{"@type":"PropertyValueSpecification","valueRequired":true,"valueName":"search_term_string"}}],"inLanguage":"en-GB"}]}},"_hostinger_reach_plugin_has_subscription_block":false,"_hostinger_reach_plugin_is_elementor":false,"_links":{"self":[{"href":"https:\/\/divalliagroup.com\/en\/wp-json\/wp\/v2\/pages\/14","targetHints":{"allow":["GET"]}}],"collection":[{"href":"https:\/\/divalliagroup.com\/en\/wp-json\/wp\/v2\/pages"}],"about":[{"href":"https:\/\/divalliagroup.com\/en\/wp-json\/wp\/v2\/types\/page"}],"author":[{"embeddable":true,"href":"https:\/\/divalliagroup.com\/en\/wp-json\/wp\/v2\/users\/1"}],"replies":[{"embeddable":true,"href":"https:\/\/divalliagroup.com\/en\/wp-json\/wp\/v2\/comments?post=14"}],"version-history":[{"count":28,"href":"https:\/\/divalliagroup.com\/en\/wp-json\/wp\/v2\/pages\/14\/revisions"}],"predecessor-version":[{"id":465,"href":"https:\/\/divalliagroup.com\/en\/wp-json\/wp\/v2\/pages\/14\/revisions\/465"}],"wp:attachment":[{"href":"https:\/\/divalliagroup.com\/en\/wp-json\/wp\/v2\/media?parent=14"}],"curies":[{"name":"wp","href":"https:\/\/api.w.org\/{rel}","templated":true}]}}