{"id":406,"date":"2025-10-20T15:28:48","date_gmt":"2025-10-20T15:28:48","guid":{"rendered":"https:\/\/divalliagroup.com\/?page_id=406"},"modified":"2025-10-20T15:51:50","modified_gmt":"2025-10-20T15:51:50","slug":"nos-services","status":"publish","type":"page","link":"https:\/\/divalliagroup.com\/en\/nos-services\/","title":{"rendered":"Nos services"},"content":{"rendered":"<div data-elementor-type=\"wp-page\" data-elementor-id=\"406\" class=\"elementor elementor-406\" data-elementor-settings=\"{&quot;element_pack_global_tooltip_width&quot;:{&quot;unit&quot;:&quot;px&quot;,&quot;size&quot;:&quot;&quot;,&quot;sizes&quot;:[]},&quot;element_pack_global_tooltip_width_tablet&quot;:{&quot;unit&quot;:&quot;px&quot;,&quot;size&quot;:&quot;&quot;,&quot;sizes&quot;:[]},&quot;element_pack_global_tooltip_width_mobile&quot;:{&quot;unit&quot;:&quot;px&quot;,&quot;size&quot;:&quot;&quot;,&quot;sizes&quot;:[]},&quot;element_pack_global_tooltip_padding&quot;:{&quot;unit&quot;:&quot;px&quot;,&quot;top&quot;:&quot;&quot;,&quot;right&quot;:&quot;&quot;,&quot;bottom&quot;:&quot;&quot;,&quot;left&quot;:&quot;&quot;,&quot;isLinked&quot;:true},&quot;element_pack_global_tooltip_padding_tablet&quot;:{&quot;unit&quot;:&quot;px&quot;,&quot;top&quot;:&quot;&quot;,&quot;right&quot;:&quot;&quot;,&quot;bottom&quot;:&quot;&quot;,&quot;left&quot;:&quot;&quot;,&quot;isLinked&quot;:true},&quot;element_pack_global_tooltip_padding_mobile&quot;:{&quot;unit&quot;:&quot;px&quot;,&quot;top&quot;:&quot;&quot;,&quot;right&quot;:&quot;&quot;,&quot;bottom&quot;:&quot;&quot;,&quot;left&quot;:&quot;&quot;,&quot;isLinked&quot;:true},&quot;element_pack_global_tooltip_border_radius&quot;:{&quot;unit&quot;:&quot;px&quot;,&quot;top&quot;:&quot;&quot;,&quot;right&quot;:&quot;&quot;,&quot;bottom&quot;:&quot;&quot;,&quot;left&quot;:&quot;&quot;,&quot;isLinked&quot;:true},&quot;element_pack_global_tooltip_border_radius_tablet&quot;:{&quot;unit&quot;:&quot;px&quot;,&quot;top&quot;:&quot;&quot;,&quot;right&quot;:&quot;&quot;,&quot;bottom&quot;:&quot;&quot;,&quot;left&quot;:&quot;&quot;,&quot;isLinked&quot;:true},&quot;element_pack_global_tooltip_border_radius_mobile&quot;:{&quot;unit&quot;:&quot;px&quot;,&quot;top&quot;:&quot;&quot;,&quot;right&quot;:&quot;&quot;,&quot;bottom&quot;:&quot;&quot;,&quot;left&quot;:&quot;&quot;,&quot;isLinked&quot;:true}}\">\n\t\t\t\t<div class=\"elementor-element elementor-element-61e912c e-flex e-con-boxed e-con e-parent\" data-id=\"61e912c\" data-element_type=\"container\" data-settings=\"{&quot;ekit_has_onepagescroll_dot&quot;:&quot;yes&quot;}\">\n\t\t\t\t\t<div class=\"e-con-inner\">\n\t\t\t\t<div class=\"elementor-element elementor-element-32c791e elementor-widget elementor-widget-heading\" data-id=\"32c791e\" data-element_type=\"widget\" data-settings=\"{&quot;ekit_we_effect_on&quot;:&quot;none&quot;}\" data-widget_type=\"heading.default\">\n\t\t\t\t\t<h1 class=\"elementor-heading-title elementor-size-default\">Nos solutions pour b\u00e2tir votre avenir<\/h1>\t\t\t\t<\/div>\n\t\t\t\t<div class=\"elementor-element elementor-element-b7e4d9f elementor-widget elementor-widget-text-editor\" data-id=\"b7e4d9f\" data-element_type=\"widget\" data-settings=\"{&quot;ekit_we_effect_on&quot;:&quot;none&quot;}\" data-widget_type=\"text-editor.default\">\n\t\t\t\t\t\t\t\t\t<p>DIVALLIA GROUP vous accompagne \u00e0 chaque \u00e9tape : de l\u2019analyse strat\u00e9gique \u00e0 la mise en \u0153uvre concr\u00e8te.<br \/>Nous aidons nos clients \u00e0 concevoir, structurer et valoriser leurs projets en Andorre et \u00e0 l\u2019international.<\/p>\t\t\t\t\t\t\t\t<\/div>\n\t\t\t\t\t<\/div>\n\t\t\t\t<\/div>\n\t\t<div class=\"elementor-element elementor-element-ba80233 e-flex e-con-boxed e-con e-parent\" data-id=\"ba80233\" data-element_type=\"container\" data-settings=\"{&quot;ekit_has_onepagescroll_dot&quot;:&quot;yes&quot;}\">\n\t\t\t\t\t<div class=\"e-con-inner\">\n\t\t<div class=\"elementor-element elementor-element-040fd79 e-con-full e-flex e-con e-child\" data-id=\"040fd79\" data-element_type=\"container\" data-settings=\"{&quot;ekit_has_onepagescroll_dot&quot;:&quot;yes&quot;}\">\n\t\t\t\t<div class=\"elementor-element elementor-element-d2eea46 elementor-widget elementor-widget-heading\" data-id=\"d2eea46\" data-element_type=\"widget\" data-settings=\"{&quot;ekit_we_effect_on&quot;:&quot;none&quot;}\" data-widget_type=\"heading.default\">\n\t\t\t\t\t<h3 class=\"elementor-heading-title elementor-size-default\">Conseil strat\u00e9gique &amp; structuration patrimoniale<\/h3>\t\t\t\t<\/div>\n\t\t\t\t<div class=\"elementor-element elementor-element-39e731e elementor-widget elementor-widget-text-editor\" data-id=\"39e731e\" data-element_type=\"widget\" data-settings=\"{&quot;ekit_we_effect_on&quot;:&quot;none&quot;}\" data-widget_type=\"text-editor.default\">\n\t\t\t\t\t\t\t\t\t<p>\uf0b7 \u00c9tude de march\u00e9 d\u2019implantation, structuration patrimonial et planification fiscale<br \/>\uf0b7 Cr\u00e9ation et gestion de soci\u00e9t\u00e9s andorranes (SL, SLU, holding, etc.)<br \/>\uf0b7 Acquisition, gestion et suivi d\u2019actifs immobiliers, mobiliers ou incorporels<br \/>\uf0b7 Assistance administrative \u00e0 l\u2019expatriation et \u00e0 la r\u00e9sidence active\/passive<br \/>\uf0b7 Valorisation immobili\u00e8re, patrimoniale et incorporelle<br \/>\uf0b7 Assistance \u00e0 l\u2019acquisition immobili\u00e8re et investissement locatif<br \/>\uf0b7 Optimisation juridique et gouvernance d\u2019entreprise<br \/>\uf0b7 Cr\u00e9ation d\u2019activit\u00e9 ind\u00e9pendante ou soci\u00e9t\u00e9 unipersonnelle<br \/>\uf0b7 Coordination pluridisciplinaire avec experts (fiscalit\u00e9, banque, notariat, audit)<\/p>\t\t\t\t\t\t\t\t<\/div>\n\t\t\t\t<\/div>\n\t\t<div class=\"elementor-element elementor-element-e2234d1 e-con-full e-flex e-con e-child\" data-id=\"e2234d1\" data-element_type=\"container\" data-settings=\"{&quot;ekit_has_onepagescroll_dot&quot;:&quot;yes&quot;}\">\n\t\t\t\t<div class=\"elementor-element elementor-element-dc4d83c elementor-widget elementor-widget-image\" data-id=\"dc4d83c\" data-element_type=\"widget\" data-settings=\"{&quot;ekit_we_effect_on&quot;:&quot;none&quot;}\" data-widget_type=\"image.default\">\n\t\t\t\t\t\t\t\t\t\t\t\t\t\t\t<img fetchpriority=\"high\" decoding=\"async\" width=\"740\" height=\"514\" src=\"https:\/\/divalliagroup.com\/wp-content\/uploads\/2025\/10\/concept-remue-meninges-creativite-strategie-innovation_53876-133938.avif\" class=\"attachment-large size-large wp-image-262\" alt=\"\" srcset=\"https:\/\/divalliagroup.com\/wp-content\/uploads\/2025\/10\/concept-remue-meninges-creativite-strategie-innovation_53876-133938.avif 740w, https:\/\/divalliagroup.com\/wp-content\/uploads\/2025\/10\/concept-remue-meninges-creativite-strategie-innovation_53876-133938-300x208.avif 300w, https:\/\/divalliagroup.com\/wp-content\/uploads\/2025\/10\/concept-remue-meninges-creativite-strategie-innovation_53876-133938-650x451.avif 650w\" sizes=\"(max-width: 740px) 100vw, 740px\" \/>\t\t\t\t\t\t\t\t\t\t\t\t\t\t\t<\/div>\n\t\t\t\t<\/div>\n\t\t\t\t\t<\/div>\n\t\t\t\t<\/div>\n\t\t<div class=\"elementor-element elementor-element-565c8c4 e-flex e-con-boxed e-con e-parent\" data-id=\"565c8c4\" data-element_type=\"container\" data-settings=\"{&quot;ekit_has_onepagescroll_dot&quot;:&quot;yes&quot;}\">\n\t\t\t\t\t<div class=\"e-con-inner\">\n\t\t<div class=\"elementor-element elementor-element-fe4bfcf e-con-full e-flex e-con e-child\" data-id=\"fe4bfcf\" data-element_type=\"container\" data-settings=\"{&quot;ekit_has_onepagescroll_dot&quot;:&quot;yes&quot;}\">\n\t\t\t\t<div class=\"elementor-element elementor-element-ba97522 elementor-widget elementor-widget-heading\" data-id=\"ba97522\" data-element_type=\"widget\" data-settings=\"{&quot;ekit_we_effect_on&quot;:&quot;none&quot;}\" data-widget_type=\"heading.default\">\n\t\t\t\t\t<h3 class=\"elementor-heading-title elementor-size-default\">D\u00e9veloppement d\u2019affaires &amp; transformation d\u2019entreprise<\/h3>\t\t\t\t<\/div>\n\t\t\t\t<div class=\"elementor-element elementor-element-9e9a31b elementor-widget elementor-widget-text-editor\" data-id=\"9e9a31b\" data-element_type=\"widget\" data-settings=\"{&quot;ekit_we_effect_on&quot;:&quot;none&quot;}\" data-widget_type=\"text-editor.default\">\n\t\t\t\t\t\t\t\t\t<p>\uf0b7 Business development, croissance commerciale et expansion internationale<br \/>\uf0b7 Strat\u00e9gie, repositionnement et communication de marque<br \/>\uf0b7 Optimisation op\u00e9rationnelle et digitale<br \/>\uf0b7 Transformation num\u00e9rique (outils, communication, automatisation)<br \/>\uf0b7 Strat\u00e9gies d\u2019implantation et de diversification<br \/>\uf0b7 Coaching dirigeant et accompagnement de projets internationaux<\/p>\t\t\t\t\t\t\t\t<\/div>\n\t\t\t\t<\/div>\n\t\t<div class=\"elementor-element elementor-element-3332d02 e-con-full e-flex e-con e-child\" data-id=\"3332d02\" data-element_type=\"container\" data-settings=\"{&quot;ekit_has_onepagescroll_dot&quot;:&quot;yes&quot;}\">\n\t\t\t\t<div class=\"elementor-element elementor-element-1832616 elementor-widget elementor-widget-image\" data-id=\"1832616\" data-element_type=\"widget\" data-settings=\"{&quot;ekit_we_effect_on&quot;:&quot;none&quot;}\" data-widget_type=\"image.default\">\n\t\t\t\t\t\t\t\t\t\t\t\t\t\t\t<img decoding=\"async\" width=\"711\" height=\"400\" src=\"https:\/\/divalliagroup.com\/wp-content\/uploads\/2025\/10\/businessmen-point-to-successful-business-growth-plans-ladder-of-success-action-planning-and-long-term-business-goals-photo.jpg\" class=\"attachment-large size-large wp-image-235\" alt=\"\" srcset=\"https:\/\/divalliagroup.com\/wp-content\/uploads\/2025\/10\/businessmen-point-to-successful-business-growth-plans-ladder-of-success-action-planning-and-long-term-business-goals-photo.jpg 711w, https:\/\/divalliagroup.com\/wp-content\/uploads\/2025\/10\/businessmen-point-to-successful-business-growth-plans-ladder-of-success-action-planning-and-long-term-business-goals-photo-300x169.jpg 300w, https:\/\/divalliagroup.com\/wp-content\/uploads\/2025\/10\/businessmen-point-to-successful-business-growth-plans-ladder-of-success-action-planning-and-long-term-business-goals-photo-650x366.jpg 650w\" sizes=\"(max-width: 711px) 100vw, 711px\" \/>\t\t\t\t\t\t\t\t\t\t\t\t\t\t\t<\/div>\n\t\t\t\t<\/div>\n\t\t\t\t\t<\/div>\n\t\t\t\t<\/div>\n\t\t<div class=\"elementor-element elementor-element-fd0ad9f e-flex e-con-boxed e-con e-parent\" data-id=\"fd0ad9f\" data-element_type=\"container\" data-settings=\"{&quot;ekit_has_onepagescroll_dot&quot;:&quot;yes&quot;}\">\n\t\t\t\t\t<div class=\"e-con-inner\">\n\t\t<div class=\"elementor-element elementor-element-c35d9eb e-con-full e-flex e-con e-child\" data-id=\"c35d9eb\" data-element_type=\"container\" data-settings=\"{&quot;ekit_has_onepagescroll_dot&quot;:&quot;yes&quot;}\">\n\t\t\t\t<div class=\"elementor-element elementor-element-0e54306 elementor-widget elementor-widget-heading\" data-id=\"0e54306\" data-element_type=\"widget\" data-settings=\"{&quot;ekit_we_effect_on&quot;:&quot;none&quot;}\" data-widget_type=\"heading.default\">\n\t\t\t\t\t<h3 class=\"elementor-heading-title elementor-size-default\">Partenariats, apport d\u2019affaires &amp; expansion<\/h3>\t\t\t\t<\/div>\n\t\t\t\t<div class=\"elementor-element elementor-element-9abe8ea elementor-widget elementor-widget-text-editor\" data-id=\"9abe8ea\" data-element_type=\"widget\" data-settings=\"{&quot;ekit_we_effect_on&quot;:&quot;none&quot;}\" data-widget_type=\"text-editor.default\">\n\t\t\t\t\t\t\t\t\t<p>\uf0b7 Mise en relation strat\u00e9gique (B2B, B2C, investisseurs, institutions)<br \/>\uf0b7 Recherche de partenaires, d\u2019investisseurs ou de relais de croissance<br \/>\uf0b7 Structuration de joint-ventures, co-investissements, accords commerciaux<br \/>\uf0b7 Analyse d\u2019opportunit\u00e9s \u00e0 l\u2019\u00e9tranger et coordination d\u2019implantations<\/p>\t\t\t\t\t\t\t\t<\/div>\n\t\t\t\t<\/div>\n\t\t<div class=\"elementor-element elementor-element-c507aca e-con-full e-flex e-con e-child\" data-id=\"c507aca\" data-element_type=\"container\" data-settings=\"{&quot;ekit_has_onepagescroll_dot&quot;:&quot;yes&quot;}\">\n\t\t\t\t<div class=\"elementor-element elementor-element-2d02dee elementor-widget elementor-widget-image\" data-id=\"2d02dee\" data-element_type=\"widget\" data-settings=\"{&quot;ekit_we_effect_on&quot;:&quot;none&quot;}\" data-widget_type=\"image.default\">\n\t\t\t\t\t\t\t\t\t\t\t\t\t\t\t<img decoding=\"async\" width=\"1000\" height=\"563\" src=\"https:\/\/divalliagroup.com\/wp-content\/uploads\/2025\/10\/228109899-business-meeting-wallpaper-1024x576.webp\" class=\"attachment-large size-large wp-image-260\" alt=\"\" srcset=\"https:\/\/divalliagroup.com\/wp-content\/uploads\/2025\/10\/228109899-business-meeting-wallpaper-1024x576.webp 1024w, https:\/\/divalliagroup.com\/wp-content\/uploads\/2025\/10\/228109899-business-meeting-wallpaper-300x169.webp 300w, https:\/\/divalliagroup.com\/wp-content\/uploads\/2025\/10\/228109899-business-meeting-wallpaper-768x432.webp 768w, https:\/\/divalliagroup.com\/wp-content\/uploads\/2025\/10\/228109899-business-meeting-wallpaper-1536x864.webp 1536w, https:\/\/divalliagroup.com\/wp-content\/uploads\/2025\/10\/228109899-business-meeting-wallpaper-650x366.webp 650w, https:\/\/divalliagroup.com\/wp-content\/uploads\/2025\/10\/228109899-business-meeting-wallpaper.webp 1920w\" sizes=\"(max-width: 1000px) 100vw, 1000px\" \/>\t\t\t\t\t\t\t\t\t\t\t\t\t\t\t<\/div>\n\t\t\t\t<\/div>\n\t\t\t\t\t<\/div>\n\t\t\t\t<\/div>\n\t\t<div class=\"elementor-element elementor-element-b37ff60 e-flex e-con-boxed e-con e-parent\" data-id=\"b37ff60\" data-element_type=\"container\" data-settings=\"{&quot;ekit_has_onepagescroll_dot&quot;:&quot;yes&quot;}\">\n\t\t\t\t\t<div class=\"e-con-inner\">\n\t\t<div class=\"elementor-element elementor-element-66b3df8 e-con-full e-flex e-con e-child\" data-id=\"66b3df8\" data-element_type=\"container\" data-settings=\"{&quot;ekit_has_onepagescroll_dot&quot;:&quot;yes&quot;}\">\n\t\t\t\t<div class=\"elementor-element elementor-element-3aa477d elementor-widget elementor-widget-heading\" data-id=\"3aa477d\" data-element_type=\"widget\" data-settings=\"{&quot;ekit_we_effect_on&quot;:&quot;none&quot;}\" data-widget_type=\"heading.default\">\n\t\t\t\t\t<h3 class=\"elementor-heading-title elementor-size-default\">Gestion et valorisation d\u2019actifs<\/h3>\t\t\t\t<\/div>\n\t\t\t\t<div class=\"elementor-element elementor-element-b0c23dd elementor-widget elementor-widget-text-editor\" data-id=\"b0c23dd\" data-element_type=\"widget\" data-settings=\"{&quot;ekit_we_effect_on&quot;:&quot;none&quot;}\" data-widget_type=\"text-editor.default\">\n\t\t\t\t\t\t\t\t\t<p>\uf0b7 Gestion et optimisation d\u2019actifs propres<br \/>\uf0b7 \u00c9tude de rentabilit\u00e9, pilotage d\u2019investissement<br \/>\uf0b7 Suivi des performances et reporting strat\u00e9gique<\/p>\t\t\t\t\t\t\t\t<\/div>\n\t\t\t\t<\/div>\n\t\t<div class=\"elementor-element elementor-element-40dd419 e-con-full e-flex e-con e-child\" data-id=\"40dd419\" data-element_type=\"container\" data-settings=\"{&quot;ekit_has_onepagescroll_dot&quot;:&quot;yes&quot;}\">\n\t\t\t\t<div class=\"elementor-element elementor-element-2a4b4db elementor-widget elementor-widget-image\" data-id=\"2a4b4db\" data-element_type=\"widget\" data-settings=\"{&quot;ekit_we_effect_on&quot;:&quot;none&quot;}\" data-widget_type=\"image.default\">\n\t\t\t\t\t\t\t\t\t\t\t\t\t\t\t<img loading=\"lazy\" decoding=\"async\" width=\"1000\" height=\"667\" src=\"https:\/\/divalliagroup.com\/wp-content\/uploads\/2025\/10\/accord-d-affaires-en-noir-et-blanc-1024x683.jpg\" class=\"attachment-large size-large wp-image-179\" alt=\"\" srcset=\"https:\/\/divalliagroup.com\/wp-content\/uploads\/2025\/10\/accord-d-affaires-en-noir-et-blanc-1024x683.jpg 1024w, https:\/\/divalliagroup.com\/wp-content\/uploads\/2025\/10\/accord-d-affaires-en-noir-et-blanc-300x200.jpg 300w, https:\/\/divalliagroup.com\/wp-content\/uploads\/2025\/10\/accord-d-affaires-en-noir-et-blanc-768x513.jpg 768w, https:\/\/divalliagroup.com\/wp-content\/uploads\/2025\/10\/accord-d-affaires-en-noir-et-blanc-1536x1025.jpg 1536w, https:\/\/divalliagroup.com\/wp-content\/uploads\/2025\/10\/accord-d-affaires-en-noir-et-blanc-2048x1367.jpg 2048w, https:\/\/divalliagroup.com\/wp-content\/uploads\/2025\/10\/accord-d-affaires-en-noir-et-blanc-650x434.jpg 650w\" sizes=\"(max-width: 1000px) 100vw, 1000px\" \/>\t\t\t\t\t\t\t\t\t\t\t\t\t\t\t<\/div>\n\t\t\t\t<\/div>\n\t\t\t\t\t<\/div>\n\t\t\t\t<\/div>\n\t\t\t\t<\/div>\n\t\t\n    <div class=\"xs_social_share_widget xs_share_url after_content \t\tmain_content  wslu-style-1 wslu-share-box-shaped wslu-fill-colored wslu-none wslu-share-horizontal wslu-theme-font-no wslu-main_content\">\n\n\t\t\n        <ul>\n\t\t\t        <\/ul>\n    <\/div>","protected":false},"excerpt":{"rendered":"<p>Nos solutions pour b\u00e2tir votre avenir DIVALLIA GROUP vous accompagne \u00e0 chaque \u00e9tape : de l\u2019analyse strat\u00e9gique \u00e0 la mise en \u0153uvre [&hellip;]<\/p>","protected":false},"author":1,"featured_media":0,"parent":0,"menu_order":0,"comment_status":"closed","ping_status":"closed","template":"","meta":{"postBodyCss":"","postBodyMargin":[],"postBodyPadding":[],"postBodyBackground":{"backgroundType":"classic","gradient":""},"footnotes":""},"class_list":["post-406","page","type-page","status-publish","hentry"],"yoast_head":"<!-- This site is optimized with the Yoast SEO plugin v26.6 - https:\/\/yoast.com\/wordpress\/plugins\/seo\/ -->\n<title>Nos services - DivalliaGroup<\/title>\n<meta name=\"robots\" content=\"index, follow, max-snippet:-1, max-image-preview:large, max-video-preview:-1\" \/>\n<link rel=\"canonical\" href=\"https:\/\/divalliagroup.com\/en\/nos-services\/\" \/>\n<meta property=\"og:locale\" content=\"en_GB\" \/>\n<meta property=\"og:type\" content=\"article\" \/>\n<meta property=\"og:title\" content=\"Nos services - DivalliaGroup\" \/>\n<meta property=\"og:description\" content=\"Nos solutions pour b\u00e2tir votre avenir DIVALLIA GROUP vous accompagne \u00e0 chaque \u00e9tape : de l\u2019analyse strat\u00e9gique \u00e0 la mise en \u0153uvre [&hellip;]\" \/>\n<meta property=\"og:url\" content=\"https:\/\/divalliagroup.com\/en\/nos-services\/\" \/>\n<meta property=\"og:site_name\" content=\"DivalliaGroup\" \/>\n<meta property=\"article:modified_time\" content=\"2025-10-20T15:51:50+00:00\" \/>\n<meta name=\"twitter:card\" content=\"summary_large_image\" \/>\n<meta name=\"twitter:label1\" content=\"Estimated reading time\" \/>\n\t<meta name=\"twitter:data1\" content=\"2 minutes\" \/>\n<script type=\"application\/ld+json\" class=\"yoast-schema-graph\">{\"@context\":\"https:\/\/schema.org\",\"@graph\":[{\"@type\":\"WebPage\",\"@id\":\"https:\/\/divalliagroup.com\/nos-services\/\",\"url\":\"https:\/\/divalliagroup.com\/nos-services\/\",\"name\":\"Nos services - DivalliaGroup\",\"isPartOf\":{\"@id\":\"https:\/\/divalliagroup.com\/#website\"},\"primaryImageOfPage\":{\"@id\":\"https:\/\/divalliagroup.com\/nos-services\/#primaryimage\"},\"image\":{\"@id\":\"https:\/\/divalliagroup.com\/nos-services\/#primaryimage\"},\"thumbnailUrl\":\"https:\/\/divalliagroup.com\/wp-content\/uploads\/2025\/10\/concept-remue-meninges-creativite-strategie-innovation_53876-133938.avif\",\"datePublished\":\"2025-10-20T15:28:48+00:00\",\"dateModified\":\"2025-10-20T15:51:50+00:00\",\"breadcrumb\":{\"@id\":\"https:\/\/divalliagroup.com\/nos-services\/#breadcrumb\"},\"inLanguage\":\"en-GB\",\"potentialAction\":[{\"@type\":\"ReadAction\",\"target\":[\"https:\/\/divalliagroup.com\/nos-services\/\"]}]},{\"@type\":\"ImageObject\",\"inLanguage\":\"en-GB\",\"@id\":\"https:\/\/divalliagroup.com\/nos-services\/#primaryimage\",\"url\":\"https:\/\/divalliagroup.com\/wp-content\/uploads\/2025\/10\/concept-remue-meninges-creativite-strategie-innovation_53876-133938.avif\",\"contentUrl\":\"https:\/\/divalliagroup.com\/wp-content\/uploads\/2025\/10\/concept-remue-meninges-creativite-strategie-innovation_53876-133938.avif\"},{\"@type\":\"BreadcrumbList\",\"@id\":\"https:\/\/divalliagroup.com\/nos-services\/#breadcrumb\",\"itemListElement\":[{\"@type\":\"ListItem\",\"position\":1,\"name\":\"Home\",\"item\":\"https:\/\/divalliagroup.com\/\"},{\"@type\":\"ListItem\",\"position\":2,\"name\":\"Nos services\"}]},{\"@type\":\"WebSite\",\"@id\":\"https:\/\/divalliagroup.com\/#website\",\"url\":\"https:\/\/divalliagroup.com\/\",\"name\":\"DivalliaGroup\",\"description\":\"Strategic Business Development &amp; Patrimonial Structuring\",\"potentialAction\":[{\"@type\":\"SearchAction\",\"target\":{\"@type\":\"EntryPoint\",\"urlTemplate\":\"https:\/\/divalliagroup.com\/?s={search_term_string}\"},\"query-input\":{\"@type\":\"PropertyValueSpecification\",\"valueRequired\":true,\"valueName\":\"search_term_string\"}}],\"inLanguage\":\"en-GB\"}]}<\/script>\n<!-- \/ Yoast SEO plugin. -->","yoast_head_json":{"title":"Nos services - DivalliaGroup","robots":{"index":"index","follow":"follow","max-snippet":"max-snippet:-1","max-image-preview":"max-image-preview:large","max-video-preview":"max-video-preview:-1"},"canonical":"https:\/\/divalliagroup.com\/en\/nos-services\/","og_locale":"en_GB","og_type":"article","og_title":"Nos services - DivalliaGroup","og_description":"Nos solutions pour b\u00e2tir votre avenir DIVALLIA GROUP vous accompagne \u00e0 chaque \u00e9tape : de l\u2019analyse strat\u00e9gique \u00e0 la mise en \u0153uvre [&hellip;]","og_url":"https:\/\/divalliagroup.com\/en\/nos-services\/","og_site_name":"DivalliaGroup","article_modified_time":"2025-10-20T15:51:50+00:00","twitter_card":"summary_large_image","twitter_misc":{"Estimated reading time":"2 minutes"},"schema":{"@context":"https:\/\/schema.org","@graph":[{"@type":"WebPage","@id":"https:\/\/divalliagroup.com\/nos-services\/","url":"https:\/\/divalliagroup.com\/nos-services\/","name":"Nos services - DivalliaGroup","isPartOf":{"@id":"https:\/\/divalliagroup.com\/#website"},"primaryImageOfPage":{"@id":"https:\/\/divalliagroup.com\/nos-services\/#primaryimage"},"image":{"@id":"https:\/\/divalliagroup.com\/nos-services\/#primaryimage"},"thumbnailUrl":"https:\/\/divalliagroup.com\/wp-content\/uploads\/2025\/10\/concept-remue-meninges-creativite-strategie-innovation_53876-133938.avif","datePublished":"2025-10-20T15:28:48+00:00","dateModified":"2025-10-20T15:51:50+00:00","breadcrumb":{"@id":"https:\/\/divalliagroup.com\/nos-services\/#breadcrumb"},"inLanguage":"en-GB","potentialAction":[{"@type":"ReadAction","target":["https:\/\/divalliagroup.com\/nos-services\/"]}]},{"@type":"ImageObject","inLanguage":"en-GB","@id":"https:\/\/divalliagroup.com\/nos-services\/#primaryimage","url":"https:\/\/divalliagroup.com\/wp-content\/uploads\/2025\/10\/concept-remue-meninges-creativite-strategie-innovation_53876-133938.avif","contentUrl":"https:\/\/divalliagroup.com\/wp-content\/uploads\/2025\/10\/concept-remue-meninges-creativite-strategie-innovation_53876-133938.avif"},{"@type":"BreadcrumbList","@id":"https:\/\/divalliagroup.com\/nos-services\/#breadcrumb","itemListElement":[{"@type":"ListItem","position":1,"name":"Home","item":"https:\/\/divalliagroup.com\/"},{"@type":"ListItem","position":2,"name":"Nos services"}]},{"@type":"WebSite","@id":"https:\/\/divalliagroup.com\/#website","url":"https:\/\/divalliagroup.com\/","name":"DivalliaGroup","description":"Strategic Business Development &amp; Patrimonial Structuring","potentialAction":[{"@type":"SearchAction","target":{"@type":"EntryPoint","urlTemplate":"https:\/\/divalliagroup.com\/?s={search_term_string}"},"query-input":{"@type":"PropertyValueSpecification","valueRequired":true,"valueName":"search_term_string"}}],"inLanguage":"en-GB"}]}},"_hostinger_reach_plugin_has_subscription_block":false,"_hostinger_reach_plugin_is_elementor":false,"_links":{"self":[{"href":"https:\/\/divalliagroup.com\/en\/wp-json\/wp\/v2\/pages\/406","targetHints":{"allow":["GET"]}}],"collection":[{"href":"https:\/\/divalliagroup.com\/en\/wp-json\/wp\/v2\/pages"}],"about":[{"href":"https:\/\/divalliagroup.com\/en\/wp-json\/wp\/v2\/types\/page"}],"author":[{"embeddable":true,"href":"https:\/\/divalliagroup.com\/en\/wp-json\/wp\/v2\/users\/1"}],"replies":[{"embeddable":true,"href":"https:\/\/divalliagroup.com\/en\/wp-json\/wp\/v2\/comments?post=406"}],"version-history":[{"count":16,"href":"https:\/\/divalliagroup.com\/en\/wp-json\/wp\/v2\/pages\/406\/revisions"}],"predecessor-version":[{"id":422,"href":"https:\/\/divalliagroup.com\/en\/wp-json\/wp\/v2\/pages\/406\/revisions\/422"}],"wp:attachment":[{"href":"https:\/\/divalliagroup.com\/en\/wp-json\/wp\/v2\/media?parent=406"}],"curies":[{"name":"wp","href":"https:\/\/api.w.org\/{rel}","templated":true}]}}