{"id":426,"date":"2025-10-20T15:55:21","date_gmt":"2025-10-20T15:55:21","guid":{"rendered":"https:\/\/divalliagroup.com\/?page_id=426"},"modified":"2025-10-21T00:54:59","modified_gmt":"2025-10-21T00:54:59","slug":"conformite-ethique","status":"publish","type":"page","link":"https:\/\/divalliagroup.com\/pt\/conformite-ethique\/","title":{"rendered":"CONFORMIT\u00c9 &amp; \u00c9THIQUE"},"content":{"rendered":"<div data-elementor-type=\"wp-page\" data-elementor-id=\"426\" class=\"elementor elementor-426\" data-elementor-settings=\"{&quot;element_pack_global_tooltip_width&quot;:{&quot;unit&quot;:&quot;px&quot;,&quot;size&quot;:&quot;&quot;,&quot;sizes&quot;:[]},&quot;element_pack_global_tooltip_width_tablet&quot;:{&quot;unit&quot;:&quot;px&quot;,&quot;size&quot;:&quot;&quot;,&quot;sizes&quot;:[]},&quot;element_pack_global_tooltip_width_mobile&quot;:{&quot;unit&quot;:&quot;px&quot;,&quot;size&quot;:&quot;&quot;,&quot;sizes&quot;:[]},&quot;element_pack_global_tooltip_padding&quot;:{&quot;unit&quot;:&quot;px&quot;,&quot;top&quot;:&quot;&quot;,&quot;right&quot;:&quot;&quot;,&quot;bottom&quot;:&quot;&quot;,&quot;left&quot;:&quot;&quot;,&quot;isLinked&quot;:true},&quot;element_pack_global_tooltip_padding_tablet&quot;:{&quot;unit&quot;:&quot;px&quot;,&quot;top&quot;:&quot;&quot;,&quot;right&quot;:&quot;&quot;,&quot;bottom&quot;:&quot;&quot;,&quot;left&quot;:&quot;&quot;,&quot;isLinked&quot;:true},&quot;element_pack_global_tooltip_padding_mobile&quot;:{&quot;unit&quot;:&quot;px&quot;,&quot;top&quot;:&quot;&quot;,&quot;right&quot;:&quot;&quot;,&quot;bottom&quot;:&quot;&quot;,&quot;left&quot;:&quot;&quot;,&quot;isLinked&quot;:true},&quot;element_pack_global_tooltip_border_radius&quot;:{&quot;unit&quot;:&quot;px&quot;,&quot;top&quot;:&quot;&quot;,&quot;right&quot;:&quot;&quot;,&quot;bottom&quot;:&quot;&quot;,&quot;left&quot;:&quot;&quot;,&quot;isLinked&quot;:true},&quot;element_pack_global_tooltip_border_radius_tablet&quot;:{&quot;unit&quot;:&quot;px&quot;,&quot;top&quot;:&quot;&quot;,&quot;right&quot;:&quot;&quot;,&quot;bottom&quot;:&quot;&quot;,&quot;left&quot;:&quot;&quot;,&quot;isLinked&quot;:true},&quot;element_pack_global_tooltip_border_radius_mobile&quot;:{&quot;unit&quot;:&quot;px&quot;,&quot;top&quot;:&quot;&quot;,&quot;right&quot;:&quot;&quot;,&quot;bottom&quot;:&quot;&quot;,&quot;left&quot;:&quot;&quot;,&quot;isLinked&quot;:true}}\">\n\t\t\t\t<div class=\"elementor-element elementor-element-fe1ab4b e-flex e-con-boxed e-con e-parent\" data-id=\"fe1ab4b\" data-element_type=\"container\" data-settings=\"{&quot;ekit_has_onepagescroll_dot&quot;:&quot;yes&quot;}\">\n\t\t\t\t\t<div class=\"e-con-inner\">\n\t\t\t\t<div class=\"elementor-element elementor-element-4620724 elementor-widget elementor-widget-heading\" data-id=\"4620724\" data-element_type=\"widget\" data-settings=\"{&quot;ekit_we_effect_on&quot;:&quot;none&quot;}\" data-widget_type=\"heading.default\">\n\t\t\t\t\t<h1 class=\"elementor-heading-title elementor-size-default\">Un partenaire fiable et conforme<\/h1>\t\t\t\t<\/div>\n\t\t\t\t<div class=\"elementor-element elementor-element-4f32c15 elementor-widget elementor-widget-text-editor\" data-id=\"4f32c15\" data-element_type=\"widget\" data-settings=\"{&quot;ekit_we_effect_on&quot;:&quot;none&quot;}\" data-widget_type=\"text-editor.default\">\n\t\t\t\t\t\t\t\t\t<p>DIVALLIA GROUP, SLU agit en totale conformit\u00e9 avec les l\u00e9gislations andorranes et internationales.<\/p>\t\t\t\t\t\t\t\t<\/div>\n\t\t\t\t\t<\/div>\n\t\t\t\t<\/div>\n\t\t<div class=\"elementor-element elementor-element-783929a e-flex e-con-boxed e-con e-parent\" data-id=\"783929a\" data-element_type=\"container\" data-settings=\"{&quot;ekit_has_onepagescroll_dot&quot;:&quot;yes&quot;}\">\n\t\t\t\t\t<div class=\"e-con-inner\">\n\t\t<div class=\"elementor-element elementor-element-bce4f6d e-con-full e-flex e-con e-child\" data-id=\"bce4f6d\" data-element_type=\"container\" data-settings=\"{&quot;ekit_has_onepagescroll_dot&quot;:&quot;yes&quot;}\">\n\t\t\t\t<div class=\"elementor-element elementor-element-db4f042 elementor-widget elementor-widget-elementskit-heading\" data-id=\"db4f042\" data-element_type=\"widget\" data-settings=\"{&quot;ekit_we_effect_on&quot;:&quot;none&quot;}\" data-widget_type=\"elementskit-heading.default\">\n\t\t\t\t\t<div class=\"ekit-wid-con\" ><div class=\"ekit-heading elementskit-section-title-wraper text_left   ekit_heading_tablet-   ekit_heading_mobile-\"><h3 class=\"ekit-heading--title elementskit-section-title\">Nos  <span><span>engagements<\/span><\/span><\/h3><div class=\"ekit_heading_separetor_wraper ekit_heading_elementskit-border-divider ekit-dotted\"><div class=\"elementskit-border-divider ekit-dotted\"><\/div><\/div><\/div><\/div>\t\t\t\t<\/div>\n\t\t\t\t<div class=\"elementor-element elementor-element-2708fdd elementor-widget elementor-widget-text-editor\" data-id=\"2708fdd\" data-element_type=\"widget\" data-settings=\"{&quot;ekit_we_effect_on&quot;:&quot;none&quot;}\" data-widget_type=\"text-editor.default\">\n\t\t\t\t\t\t\t\t\t<p>\uf0b7 Respect strict des r\u00e9glementations LCB\/FT (anti-blanchiment)<br \/>\uf0b7 Application du RGPD et des lois andorranes sur la protection des donn\u00e9es<br \/>\uf0b7 Transparence comptable et fiscale<br \/>\uf0b7 Absence d\u2019interm\u00e9diation financi\u00e8re ou immobili\u00e8re non autoris\u00e9e<br \/>\uf0b7 Gouvernance \u00e9thique et responsable<\/p>\t\t\t\t\t\t\t\t<\/div>\n\t\t\t\t<\/div>\n\t\t<div class=\"elementor-element elementor-element-7948730 e-con-full e-flex e-con e-child\" data-id=\"7948730\" data-element_type=\"container\" data-settings=\"{&quot;ekit_has_onepagescroll_dot&quot;:&quot;yes&quot;}\">\n\t\t\t\t<div class=\"elementor-element elementor-element-099d409 elementor-widget elementor-widget-image\" data-id=\"099d409\" data-element_type=\"widget\" data-settings=\"{&quot;ekit_we_effect_on&quot;:&quot;none&quot;}\" data-widget_type=\"image.default\">\n\t\t\t\t\t\t\t\t\t\t\t\t\t\t\t<img fetchpriority=\"high\" decoding=\"async\" width=\"1000\" height=\"667\" src=\"https:\/\/divalliagroup.com\/wp-content\/uploads\/2025\/10\/accord-d-affaires-en-noir-et-blanc-1024x683.jpg\" class=\"attachment-large size-large wp-image-179\" alt=\"\" srcset=\"https:\/\/divalliagroup.com\/wp-content\/uploads\/2025\/10\/accord-d-affaires-en-noir-et-blanc-1024x683.jpg 1024w, https:\/\/divalliagroup.com\/wp-content\/uploads\/2025\/10\/accord-d-affaires-en-noir-et-blanc-300x200.jpg 300w, https:\/\/divalliagroup.com\/wp-content\/uploads\/2025\/10\/accord-d-affaires-en-noir-et-blanc-768x513.jpg 768w, https:\/\/divalliagroup.com\/wp-content\/uploads\/2025\/10\/accord-d-affaires-en-noir-et-blanc-1536x1025.jpg 1536w, https:\/\/divalliagroup.com\/wp-content\/uploads\/2025\/10\/accord-d-affaires-en-noir-et-blanc-2048x1367.jpg 2048w, https:\/\/divalliagroup.com\/wp-content\/uploads\/2025\/10\/accord-d-affaires-en-noir-et-blanc-650x434.jpg 650w\" sizes=\"(max-width: 1000px) 100vw, 1000px\" \/>\t\t\t\t\t\t\t\t\t\t\t\t\t\t\t<\/div>\n\t\t\t\t<\/div>\n\t\t\t\t\t<\/div>\n\t\t\t\t<\/div>\n\t\t<div class=\"elementor-element elementor-element-af02763 e-flex e-con-boxed e-con e-parent\" data-id=\"af02763\" data-element_type=\"container\" data-settings=\"{&quot;ekit_has_onepagescroll_dot&quot;:&quot;yes&quot;}\">\n\t\t\t\t\t<div class=\"e-con-inner\">\n\t\t\t\t<div class=\"elementor-element elementor-element-e1adf0e elementor-widget elementor-widget-heading\" data-id=\"e1adf0e\" data-element_type=\"widget\" data-settings=\"{&quot;ekit_we_effect_on&quot;:&quot;none&quot;}\" data-widget_type=\"heading.default\">\n\t\t\t\t\t<h2 class=\"elementor-heading-title elementor-size-default\">Notre cr\u00e9dibilit\u00e9 repose sur la conformit\u00e9.<\/h2>\t\t\t\t<\/div>\n\t\t\t\t<div class=\"elementor-element elementor-element-7723e61 elementor-widget elementor-widget-text-editor\" data-id=\"7723e61\" data-element_type=\"widget\" data-settings=\"{&quot;ekit_we_effect_on&quot;:&quot;none&quot;}\" data-widget_type=\"text-editor.default\">\n\t\t\t\t\t\t\t\t\t<p>Chaque client, chaque projet, chaque d\u00e9cision est trait\u00e9e avec int\u00e9grit\u00e9 et discr\u00e9tion totale.<\/p>\t\t\t\t\t\t\t\t<\/div>\n\t\t\t\t\t<\/div>\n\t\t\t\t<\/div>\n\t\t<div class=\"elementor-element elementor-element-e3bf87c e-flex e-con-boxed e-con e-parent\" data-id=\"e3bf87c\" data-element_type=\"container\" data-settings=\"{&quot;ekit_has_onepagescroll_dot&quot;:&quot;yes&quot;}\">\n\t\t\t\t\t<div class=\"e-con-inner\">\n\t\t<div class=\"elementor-element elementor-element-a03b4f3 e-con-full e-flex e-con e-child\" data-id=\"a03b4f3\" data-element_type=\"container\" data-settings=\"{&quot;ekit_has_onepagescroll_dot&quot;:&quot;yes&quot;}\">\n\t\t\t\t<div class=\"elementor-element elementor-element-056af72 elementor-widget elementor-widget-image\" data-id=\"056af72\" data-element_type=\"widget\" data-settings=\"{&quot;ekit_we_effect_on&quot;:&quot;none&quot;}\" data-widget_type=\"image.default\">\n\t\t\t\t\t\t\t\t\t\t\t\t\t\t\t<img decoding=\"async\" width=\"474\" height=\"302\" src=\"https:\/\/divalliagroup.com\/wp-content\/uploads\/2025\/10\/ba376efd0a2db2e10859fbe55910187c.jpg\" class=\"attachment-large size-large wp-image-236\" alt=\"\" srcset=\"https:\/\/divalliagroup.com\/wp-content\/uploads\/2025\/10\/ba376efd0a2db2e10859fbe55910187c.jpg 474w, https:\/\/divalliagroup.com\/wp-content\/uploads\/2025\/10\/ba376efd0a2db2e10859fbe55910187c-300x191.jpg 300w\" sizes=\"(max-width: 474px) 100vw, 474px\" \/>\t\t\t\t\t\t\t\t\t\t\t\t\t\t\t<\/div>\n\t\t\t\t<\/div>\n\t\t<div class=\"elementor-element elementor-element-4c848cc e-con-full e-flex e-con e-child\" data-id=\"4c848cc\" data-element_type=\"container\" data-settings=\"{&quot;ekit_has_onepagescroll_dot&quot;:&quot;yes&quot;}\">\n\t\t\t\t<div class=\"elementor-element elementor-element-93a09ef elementor-widget elementor-widget-elementskit-heading\" data-id=\"93a09ef\" data-element_type=\"widget\" data-settings=\"{&quot;ekit_we_effect_on&quot;:&quot;none&quot;}\" data-widget_type=\"elementskit-heading.default\">\n\t\t\t\t\t<div class=\"ekit-wid-con\" ><div class=\"ekit-heading elementskit-section-title-wraper text_left   ekit_heading_tablet-   ekit_heading_mobile-\"><h2 class=\"ekit-heading--title elementskit-section-title\">Synth\u00e8se finale du <span><span> positionnement global<\/span><\/span><\/h2><div class=\"ekit_heading_separetor_wraper ekit_heading_elementskit-border-divider ekit-dotted\"><div class=\"elementskit-border-divider ekit-dotted\"><\/div><\/div><\/div><\/div>\t\t\t\t<\/div>\n\t\t\t\t<div class=\"elementor-element elementor-element-94f9b0f elementor-widget elementor-widget-text-editor\" data-id=\"94f9b0f\" data-element_type=\"widget\" data-settings=\"{&quot;ekit_we_effect_on&quot;:&quot;none&quot;}\" data-widget_type=\"text-editor.default\">\n\t\t\t\t\t\t\t\t\t<p>DIVALLIA GROUP, SLU est un partenaire global en strat\u00e9gie, d\u2019investissement et de d\u00e9veloppement<br \/>entrepreneurial, d\u00e9di\u00e9 \u00e0 la cr\u00e9ation de valeur et \u00e0 la performance durable.<br \/>Pour les entreprises, nous sommes un partenaire de d\u00e9veloppement et d\u2019expansion.<br \/>Pour les particuliers, nous sommes un guide s\u00fbr, vers la structuration et la r\u00e9ussite patrimoniale.<br \/>Nous aidons nos clients \u00e0 structurer leur avenir, optimiser leur patrimoine et acc\u00e9l\u00e9rer leur r\u00e9ussite \u2014 tout en<br \/>assurant la conformit\u00e9, la durabilit\u00e9 et la confidentialit\u00e9.<\/p><p>Notre mission : transformer les ambitions de nos clients en r\u00e9ussites concr\u00e8tes\u00a0!<\/p>\t\t\t\t\t\t\t\t<\/div>\n\t\t\t\t<\/div>\n\t\t\t\t\t<\/div>\n\t\t\t\t<\/div>\n\t\t\t\t<\/div>\n\t\t\n    <div class=\"xs_social_share_widget xs_share_url after_content \t\tmain_content  wslu-style-1 wslu-share-box-shaped wslu-fill-colored wslu-none wslu-share-horizontal wslu-theme-font-no wslu-main_content\">\n\n\t\t\n        <ul>\n\t\t\t        <\/ul>\n    <\/div>","protected":false},"excerpt":{"rendered":"<p>Un partenaire fiable et conforme DIVALLIA GROUP, SLU agit en totale conformit\u00e9 avec les l\u00e9gislations andorranes et internationales. Nos engagements \uf0b7 Respect [&hellip;]<\/p>","protected":false},"author":1,"featured_media":0,"parent":0,"menu_order":0,"comment_status":"closed","ping_status":"closed","template":"","meta":{"postBodyCss":"","postBodyMargin":[],"postBodyPadding":[],"postBodyBackground":{"backgroundType":"classic","gradient":""},"footnotes":""},"class_list":["post-426","page","type-page","status-publish","hentry"],"yoast_head":"<!-- This site is optimized with the Yoast SEO plugin v26.6 - https:\/\/yoast.com\/wordpress\/plugins\/seo\/ -->\n<title>CONFORMIT\u00c9 &amp; \u00c9THIQUE - DivalliaGroup<\/title>\n<meta name=\"robots\" content=\"index, follow, max-snippet:-1, max-image-preview:large, max-video-preview:-1\" \/>\n<link rel=\"canonical\" href=\"https:\/\/divalliagroup.com\/pt\/conformite-ethique\/\" \/>\n<meta property=\"og:locale\" content=\"pt_PT\" \/>\n<meta property=\"og:type\" content=\"article\" \/>\n<meta property=\"og:title\" content=\"CONFORMIT\u00c9 &amp; \u00c9THIQUE - DivalliaGroup\" \/>\n<meta property=\"og:description\" content=\"Un partenaire fiable et conforme DIVALLIA GROUP, SLU agit en totale conformit\u00e9 avec les l\u00e9gislations andorranes et internationales. Nos engagements \uf0b7 Respect [&hellip;]\" \/>\n<meta property=\"og:url\" content=\"https:\/\/divalliagroup.com\/pt\/conformite-ethique\/\" \/>\n<meta property=\"og:site_name\" content=\"DivalliaGroup\" \/>\n<meta property=\"article:modified_time\" content=\"2025-10-21T00:54:59+00:00\" \/>\n<meta property=\"og:image\" content=\"https:\/\/divalliagroup.com\/wp-content\/uploads\/2025\/10\/accord-d-affaires-en-noir-et-blanc-scaled.jpg\" \/>\n\t<meta property=\"og:image:width\" content=\"2560\" \/>\n\t<meta property=\"og:image:height\" content=\"1709\" \/>\n\t<meta property=\"og:image:type\" content=\"image\/jpeg\" \/>\n<meta name=\"twitter:card\" content=\"summary_large_image\" \/>\n<meta name=\"twitter:label1\" content=\"Tempo estimado de leitura\" \/>\n\t<meta name=\"twitter:data1\" content=\"1 minuto\" \/>\n<script type=\"application\/ld+json\" class=\"yoast-schema-graph\">{\"@context\":\"https:\/\/schema.org\",\"@graph\":[{\"@type\":\"WebPage\",\"@id\":\"https:\/\/divalliagroup.com\/conformite-ethique\/\",\"url\":\"https:\/\/divalliagroup.com\/conformite-ethique\/\",\"name\":\"CONFORMIT\u00c9 &amp; \u00c9THIQUE - DivalliaGroup\",\"isPartOf\":{\"@id\":\"https:\/\/divalliagroup.com\/#website\"},\"primaryImageOfPage\":{\"@id\":\"https:\/\/divalliagroup.com\/conformite-ethique\/#primaryimage\"},\"image\":{\"@id\":\"https:\/\/divalliagroup.com\/conformite-ethique\/#primaryimage\"},\"thumbnailUrl\":\"https:\/\/divalliagroup.com\/wp-content\/uploads\/2025\/10\/accord-d-affaires-en-noir-et-blanc-1024x683.jpg\",\"datePublished\":\"2025-10-20T15:55:21+00:00\",\"dateModified\":\"2025-10-21T00:54:59+00:00\",\"breadcrumb\":{\"@id\":\"https:\/\/divalliagroup.com\/conformite-ethique\/#breadcrumb\"},\"inLanguage\":\"pt-PT\",\"potentialAction\":[{\"@type\":\"ReadAction\",\"target\":[\"https:\/\/divalliagroup.com\/conformite-ethique\/\"]}]},{\"@type\":\"ImageObject\",\"inLanguage\":\"pt-PT\",\"@id\":\"https:\/\/divalliagroup.com\/conformite-ethique\/#primaryimage\",\"url\":\"https:\/\/divalliagroup.com\/wp-content\/uploads\/2025\/10\/accord-d-affaires-en-noir-et-blanc-1024x683.jpg\",\"contentUrl\":\"https:\/\/divalliagroup.com\/wp-content\/uploads\/2025\/10\/accord-d-affaires-en-noir-et-blanc-1024x683.jpg\"},{\"@type\":\"BreadcrumbList\",\"@id\":\"https:\/\/divalliagroup.com\/conformite-ethique\/#breadcrumb\",\"itemListElement\":[{\"@type\":\"ListItem\",\"position\":1,\"name\":\"Home\",\"item\":\"https:\/\/divalliagroup.com\/\"},{\"@type\":\"ListItem\",\"position\":2,\"name\":\"CONFORMIT\u00c9 &amp; \u00c9THIQUE\"}]},{\"@type\":\"WebSite\",\"@id\":\"https:\/\/divalliagroup.com\/#website\",\"url\":\"https:\/\/divalliagroup.com\/\",\"name\":\"DivalliaGroup\",\"description\":\"Strategic Business Development &amp; Patrimonial Structuring\",\"potentialAction\":[{\"@type\":\"SearchAction\",\"target\":{\"@type\":\"EntryPoint\",\"urlTemplate\":\"https:\/\/divalliagroup.com\/?s={search_term_string}\"},\"query-input\":{\"@type\":\"PropertyValueSpecification\",\"valueRequired\":true,\"valueName\":\"search_term_string\"}}],\"inLanguage\":\"pt-PT\"}]}<\/script>\n<!-- \/ Yoast SEO plugin. -->","yoast_head_json":{"title":"CONFORMIT\u00c9 &amp; \u00c9THIQUE - DivalliaGroup","robots":{"index":"index","follow":"follow","max-snippet":"max-snippet:-1","max-image-preview":"max-image-preview:large","max-video-preview":"max-video-preview:-1"},"canonical":"https:\/\/divalliagroup.com\/pt\/conformite-ethique\/","og_locale":"pt_PT","og_type":"article","og_title":"CONFORMIT\u00c9 &amp; \u00c9THIQUE - DivalliaGroup","og_description":"Un partenaire fiable et conforme DIVALLIA GROUP, SLU agit en totale conformit\u00e9 avec les l\u00e9gislations andorranes et internationales. Nos engagements \uf0b7 Respect [&hellip;]","og_url":"https:\/\/divalliagroup.com\/pt\/conformite-ethique\/","og_site_name":"DivalliaGroup","article_modified_time":"2025-10-21T00:54:59+00:00","og_image":[{"width":2560,"height":1709,"url":"https:\/\/divalliagroup.com\/wp-content\/uploads\/2025\/10\/accord-d-affaires-en-noir-et-blanc-scaled.jpg","type":"image\/jpeg"}],"twitter_card":"summary_large_image","twitter_misc":{"Tempo estimado de leitura":"1 minuto"},"schema":{"@context":"https:\/\/schema.org","@graph":[{"@type":"WebPage","@id":"https:\/\/divalliagroup.com\/conformite-ethique\/","url":"https:\/\/divalliagroup.com\/conformite-ethique\/","name":"CONFORMIT\u00c9 &amp; \u00c9THIQUE - DivalliaGroup","isPartOf":{"@id":"https:\/\/divalliagroup.com\/#website"},"primaryImageOfPage":{"@id":"https:\/\/divalliagroup.com\/conformite-ethique\/#primaryimage"},"image":{"@id":"https:\/\/divalliagroup.com\/conformite-ethique\/#primaryimage"},"thumbnailUrl":"https:\/\/divalliagroup.com\/wp-content\/uploads\/2025\/10\/accord-d-affaires-en-noir-et-blanc-1024x683.jpg","datePublished":"2025-10-20T15:55:21+00:00","dateModified":"2025-10-21T00:54:59+00:00","breadcrumb":{"@id":"https:\/\/divalliagroup.com\/conformite-ethique\/#breadcrumb"},"inLanguage":"pt-PT","potentialAction":[{"@type":"ReadAction","target":["https:\/\/divalliagroup.com\/conformite-ethique\/"]}]},{"@type":"ImageObject","inLanguage":"pt-PT","@id":"https:\/\/divalliagroup.com\/conformite-ethique\/#primaryimage","url":"https:\/\/divalliagroup.com\/wp-content\/uploads\/2025\/10\/accord-d-affaires-en-noir-et-blanc-1024x683.jpg","contentUrl":"https:\/\/divalliagroup.com\/wp-content\/uploads\/2025\/10\/accord-d-affaires-en-noir-et-blanc-1024x683.jpg"},{"@type":"BreadcrumbList","@id":"https:\/\/divalliagroup.com\/conformite-ethique\/#breadcrumb","itemListElement":[{"@type":"ListItem","position":1,"name":"Home","item":"https:\/\/divalliagroup.com\/"},{"@type":"ListItem","position":2,"name":"CONFORMIT\u00c9 &amp; \u00c9THIQUE"}]},{"@type":"WebSite","@id":"https:\/\/divalliagroup.com\/#website","url":"https:\/\/divalliagroup.com\/","name":"DivalliaGroup","description":"Strategic Business Development &amp; Patrimonial Structuring","potentialAction":[{"@type":"SearchAction","target":{"@type":"EntryPoint","urlTemplate":"https:\/\/divalliagroup.com\/?s={search_term_string}"},"query-input":{"@type":"PropertyValueSpecification","valueRequired":true,"valueName":"search_term_string"}}],"inLanguage":"pt-PT"}]}},"_hostinger_reach_plugin_has_subscription_block":false,"_hostinger_reach_plugin_is_elementor":false,"_links":{"self":[{"href":"https:\/\/divalliagroup.com\/pt\/wp-json\/wp\/v2\/pages\/426","targetHints":{"allow":["GET"]}}],"collection":[{"href":"https:\/\/divalliagroup.com\/pt\/wp-json\/wp\/v2\/pages"}],"about":[{"href":"https:\/\/divalliagroup.com\/pt\/wp-json\/wp\/v2\/types\/page"}],"author":[{"embeddable":true,"href":"https:\/\/divalliagroup.com\/pt\/wp-json\/wp\/v2\/users\/1"}],"replies":[{"embeddable":true,"href":"https:\/\/divalliagroup.com\/pt\/wp-json\/wp\/v2\/comments?post=426"}],"version-history":[{"count":10,"href":"https:\/\/divalliagroup.com\/pt\/wp-json\/wp\/v2\/pages\/426\/revisions"}],"predecessor-version":[{"id":443,"href":"https:\/\/divalliagroup.com\/pt\/wp-json\/wp\/v2\/pages\/426\/revisions\/443"}],"wp:attachment":[{"href":"https:\/\/divalliagroup.com\/pt\/wp-json\/wp\/v2\/media?parent=426"}],"curies":[{"name":"wp","href":"https:\/\/api.w.org\/{rel}","templated":true}]}}